{"id":1111,"date":"2024-10-14T14:38:28","date_gmt":"2024-10-14T12:38:28","guid":{"rendered":"https:\/\/www.cloud-trim.com\/privacy-policy\/"},"modified":"2024-10-24T19:34:23","modified_gmt":"2024-10-24T17:34:23","slug":"privacidad","status":"publish","type":"page","link":"https:\/\/www.cloud-trim.com\/es\/privacidad\/","title":{"rendered":"Pol\u00edtica de privacidad"},"content":{"rendered":"\t\t<div data-elementor-type=\"wp-page\" data-elementor-id=\"1111\" class=\"elementor elementor-1111 elementor-555\" data-elementor-post-type=\"page\">\n\t\t\t\t\t\t<section class=\"elementor-section elementor-top-section elementor-element elementor-element-3440d8e2 elementor-section-boxed elementor-section-height-default elementor-section-height-default\" data-id=\"3440d8e2\" data-element_type=\"section\" data-settings=\"{&quot;background_background&quot;:&quot;classic&quot;,&quot;shape_divider_bottom&quot;:&quot;mountains&quot;}\">\n\t\t\t\t\t<div class=\"elementor-shape elementor-shape-bottom\" aria-hidden=\"true\" data-negative=\"false\">\n\t\t\t<svg xmlns=\"http:\/\/www.w3.org\/2000\/svg\" viewBox=\"0 0 1000 100\" preserveAspectRatio=\"none\">\n\t<path class=\"elementor-shape-fill\" opacity=\"0.33\" d=\"M473,67.3c-203.9,88.3-263.1-34-320.3,0C66,119.1,0,59.7,0,59.7V0h1000v59.7 c0,0-62.1,26.1-94.9,29.3c-32.8,3.3-62.8-12.3-75.8-22.1C806,49.6,745.3,8.7,694.9,4.7S492.4,59,473,67.3z\"\/>\n\t<path class=\"elementor-shape-fill\" opacity=\"0.66\" d=\"M734,67.3c-45.5,0-77.2-23.2-129.1-39.1c-28.6-8.7-150.3-10.1-254,39.1 s-91.7-34.4-149.2,0C115.7,118.3,0,39.8,0,39.8V0h1000v36.5c0,0-28.2-18.5-92.1-18.5C810.2,18.1,775.7,67.3,734,67.3z\"\/>\n\t<path class=\"elementor-shape-fill\" d=\"M766.1,28.9c-200-57.5-266,65.5-395.1,19.5C242,1.8,242,5.4,184.8,20.6C128,35.8,132.3,44.9,89.9,52.5C28.6,63.7,0,0,0,0 h1000c0,0-9.9,40.9-83.6,48.1S829.6,47,766.1,28.9z\"\/>\n<\/svg>\t\t<\/div>\n\t\t\t\t\t<div class=\"elementor-container elementor-column-gap-default\">\n\t\t\t\t\t<div class=\"elementor-column elementor-col-100 elementor-top-column elementor-element elementor-element-2e0f220e\" data-id=\"2e0f220e\" data-element_type=\"column\">\n\t\t\t<div class=\"elementor-widget-wrap elementor-element-populated\">\n\t\t\t\t\t\t<section class=\"elementor-section elementor-inner-section elementor-element elementor-element-29ef504a elementor-section-boxed elementor-section-height-default elementor-section-height-default\" data-id=\"29ef504a\" data-element_type=\"section\">\n\t\t\t\t\t\t<div class=\"elementor-container elementor-column-gap-no\">\n\t\t\t\t\t<div class=\"elementor-column elementor-col-100 elementor-inner-column elementor-element elementor-element-210945b0\" data-id=\"210945b0\" data-element_type=\"column\">\n\t\t\t<div class=\"elementor-widget-wrap elementor-element-populated\">\n\t\t\t\t\t\t<div class=\"elementor-element elementor-element-6e3b1419 elementor-widget elementor-widget-heading\" data-id=\"6e3b1419\" data-element_type=\"widget\" data-widget_type=\"heading.default\">\n\t\t\t\t<div class=\"elementor-widget-container\">\n\t\t\t\t\t<h1 class=\"elementor-heading-title elementor-size-default\">Pol\u00edtica de privacidad<\/h1>\t\t\t\t<\/div>\n\t\t\t\t<\/div>\n\t\t\t\t<div class=\"elementor-element elementor-element-3e517ab8 elementor-widget-divider--separator-type-pattern elementor-widget-divider--view-line elementor-widget elementor-widget-divider\" data-id=\"3e517ab8\" data-element_type=\"widget\" data-widget_type=\"divider.default\">\n\t\t\t\t<div class=\"elementor-widget-container\">\n\t\t\t\t\t\t\t<div class=\"elementor-divider\" style=\"--divider-pattern-url: url(&quot;data:image\/svg+xml,%3Csvg xmlns=&#039;http:\/\/www.w3.org\/2000\/svg&#039; preserveAspectRatio=&#039;none&#039; overflow=&#039;visible&#039; height=&#039;100%&#039; viewBox=&#039;0 0 24 24&#039; fill=&#039;none&#039; stroke=&#039;black&#039; stroke-width=&#039;10&#039; stroke-linecap=&#039;square&#039; stroke-miterlimit=&#039;10&#039;%3E%3Cpolyline points=&#039;0,18 12,6 24,18 &#039;\/%3E%3C\/svg%3E&quot;);\">\n\t\t\t<span class=\"elementor-divider-separator\">\n\t\t\t\t\t\t<\/span>\n\t\t<\/div>\n\t\t\t\t\t\t<\/div>\n\t\t\t\t<\/div>\n\t\t\t\t\t<\/div>\n\t\t<\/div>\n\t\t\t\t\t<\/div>\n\t\t<\/section>\n\t\t\t\t\t<\/div>\n\t\t<\/div>\n\t\t\t\t\t<\/div>\n\t\t<\/section>\n\t\t\t\t<section class=\"elementor-section elementor-top-section elementor-element elementor-element-33a4fe32 elementor-section-boxed elementor-section-height-default elementor-section-height-default\" data-id=\"33a4fe32\" data-element_type=\"section\">\n\t\t\t\t\t\t<div class=\"elementor-container elementor-column-gap-default\">\n\t\t\t\t\t<div class=\"elementor-column elementor-col-100 elementor-top-column elementor-element elementor-element-26c6fd62\" data-id=\"26c6fd62\" data-element_type=\"column\">\n\t\t\t<div class=\"elementor-widget-wrap elementor-element-populated\">\n\t\t\t\t\t\t<div class=\"elementor-element elementor-element-33915223 elementor-widget elementor-widget-spacer\" data-id=\"33915223\" data-element_type=\"widget\" data-widget_type=\"spacer.default\">\n\t\t\t\t<div class=\"elementor-widget-container\">\n\t\t\t\t\t\t\t<div class=\"elementor-spacer\">\n\t\t\t<div class=\"elementor-spacer-inner\"><\/div>\n\t\t<\/div>\n\t\t\t\t\t\t<\/div>\n\t\t\t\t<\/div>\n\t\t\t\t\t<\/div>\n\t\t<\/div>\n\t\t\t\t\t<\/div>\n\t\t<\/section>\n\t\t\t\t<section class=\"elementor-section elementor-top-section elementor-element elementor-element-4cb415a3 elementor-section-boxed elementor-section-height-default elementor-section-height-default\" data-id=\"4cb415a3\" data-element_type=\"section\">\n\t\t\t\t\t\t<div class=\"elementor-container elementor-column-gap-default\">\n\t\t\t\t\t<div class=\"elementor-column elementor-col-100 elementor-top-column elementor-element elementor-element-493c28e9\" data-id=\"493c28e9\" data-element_type=\"column\">\n\t\t\t<div class=\"elementor-widget-wrap elementor-element-populated\">\n\t\t\t\t\t\t<div class=\"elementor-element elementor-element-5c1a4be1 elementor-widget elementor-widget-spacer\" data-id=\"5c1a4be1\" data-element_type=\"widget\" data-widget_type=\"spacer.default\">\n\t\t\t\t<div class=\"elementor-widget-container\">\n\t\t\t\t\t\t\t<div class=\"elementor-spacer\">\n\t\t\t<div class=\"elementor-spacer-inner\"><\/div>\n\t\t<\/div>\n\t\t\t\t\t\t<\/div>\n\t\t\t\t<\/div>\n\t\t\t\t<div class=\"elementor-element elementor-element-7bd8ebae elementor-widget elementor-widget-text-editor\" data-id=\"7bd8ebae\" data-element_type=\"widget\" data-widget_type=\"text-editor.default\">\n\t\t\t\t<div class=\"elementor-widget-container\">\n\t\t\t\t\t\t\t\t\t<p>Responsable de los Datos<\/p>\n<ul>\n<li>Identidad: Unimedia Technology SLU<\/li>\n<li>CIF: B66934365<\/li>\n<li>Direcci\u00f3n: C\/Esteve Terradas, 1, 111A \u2013 Mediterranean Technology Park (PMT) \u2013 08860 Castelldefels, Barcelona, Espa\u00f1a<\/li>\n<li>Tel\u00e9fono de contacto: +34 936 01 40 40<\/li>\n<li>Correo electr\u00f3nico: info@unimedia.tech<\/li>\n<\/ul>\n<h2>Regulaciones de Gesti\u00f3n de Datos<\/h2>\n<p>Nuestras actividades se rigen por el Reglamento General de Protecci\u00f3n de Datos (RGPD), que es el Reglamento (UE) 2016\/679 del Parlamento Europeo y del Consejo, de 27 de abril de 2016, relativo a la protecci\u00f3n de las personas f\u00edsicas en lo que respecta al tratamiento de datos personales y a la libre circulaci\u00f3n de estos datos, por la Ley Org\u00e1nica 3\/2018, de 5 de diciembre, de Protecci\u00f3n de Datos Personales y Garant\u00eda de los Derechos Digitales (LOPDGDD), y por otras normativas nacionales aplicables.<\/p>\n<h2>Principios Aplicados en el Tratamiento de Datos<\/h2>\n<p>En el tratamiento de tus datos personales, Unimedia Technology SLU aplicar\u00e1 los siguientes principios que cumplen con los requisitos del nuevo reglamento europeo de protecci\u00f3n de datos:<\/p>\n<ul>\n<li><b>Principio de legalidad, lealtad y transparencia<\/b>: Unimedia Technology SLU siempre requerir\u00e1 el consentimiento para el tratamiento de tus datos personales, que podr\u00e1 ser para uno o varios fines espec\u00edficos sobre los que se te informar\u00e1 previamente con total transparencia.<\/li>\n<li><b>Principio de minimizaci\u00f3n de datos:<\/b> Unimedia Technology solicitar\u00e1 solo los datos estrictamente necesarios para el fin o los fines para los que se solicitan.<\/li><li><b>Principio de limitaci\u00f3n del plazo de conservaci\u00f3n:<\/b> Los datos se mantendr\u00e1n durante el tiempo estrictamente necesario para el fin o los fines del tratamiento.<\/li><li><b>Principio de integridad y confidencialidad:<\/b> Los datos se tratar\u00e1n de manera que se garantice una seguridad adecuada de los datos personales y se mantenga la confidencialidad.<\/li><\/ul>\n<h2>Recopilaci\u00f3n de Datos Personales<\/h2>\n<p>Para navegar por nuestro sitio web no es necesario proporcionar ning\u00fan dato personal. Los casos en los que s\u00ed proporcionas tus datos personales son los siguientes:<\/p>\n<ul>\n<li>Al contactar a trav\u00e9s de formularios de contacto.<\/li>\n<li>Al realizar una solicitud de consultas y\/o servicios.<\/li>\n<li>Al postularte para una oferta de trabajo.<\/li>\n<\/ul>\n<h2>Tus Derechos<\/h2>\n<p>Unimedia Technology SLU te informa de que respecto a tus datos personales tienes derecho a:<\/p>\n<ul>\n<li>Solicitar el acceso a los datos almacenados. Puedes preguntarnos si estamos tratando tus datos y c\u00f3mo.<\/li>\n<li>Solicitar su rectificaci\u00f3n o eliminaci\u00f3n. Puedes pedirnos que actualicemos tus datos personales si son incorrectos, o eliminarlos si lo deseas, cuando tus datos ya no sean necesarios para el tratamiento, retires tu consentimiento, el tratamiento sea il\u00edcito o exista una obligaci\u00f3n legal de hacerlo. Analizaremos el caso y aplicaremos la ley.<\/li>\n<li>Solicitar la limitaci\u00f3n de su tratamiento. En este caso, solo ser\u00e1n conservados por Unimedia Technology SLU para el ejercicio o la defensa de reclamaciones.<\/li>\n<li>Oponerte al tratamiento. Tras tu solicitud de oposici\u00f3n al tratamiento, Unimedia Technology SLU dejar\u00e1 de tratar los datos de la manera que indiques, a menos que existan motivos leg\u00edtimos imperiosos o sea necesario para el ejercicio o la defensa de posibles reclamaciones.<\/li>\n<li>Solicitar la portabilidad de tus datos. En caso de que desees que tus datos sean tratados por otra empresa, Unimedia Technology SLU facilitar\u00e1 la portabilidad de tus datos al nuevo responsable.<\/li>\n<li>Retirar el consentimiento prestado. La retirada del consentimiento no afectar\u00e1 a la licitud del tratamiento basado en el consentimiento previo a su retirada.<\/li>\n<\/ul>\n<p><br><\/p><p>El ejercicio de estos derechos es personal y por lo tanto debe ser ejercido directamente por el interesado, solicit\u00e1ndolo directamente a los titulares.<\/p>\n<h2>Seguridad de los Datos Personales<\/h2>\n<p>Unimedia Technology SLU se compromete a utilizar los datos, respetar su confidencialidad y a utilizarlos de acuerdo con su finalidad, as\u00ed como a cumplir con su obligaci\u00f3n de guardarlos y a adoptar todas las medidas necesarias para evitar la alteraci\u00f3n, p\u00e9rdida, tratamiento o acceso no autorizado, de acuerdo con lo previsto en la normativa vigente en materia de protecci\u00f3n de datos.<\/p>\n<h2>Cambios en la Pol\u00edtica de Privacidad<\/h2>\n<p>Unimedia Technology SLU se reserva el derecho de modificar esta pol\u00edtica para adaptarla a novedades legislativas o jurisprudenciales. En tal caso, Unimedia Technology anunciar\u00e1 en esta p\u00e1gina los cambios introducidos con la suficiente antelaci\u00f3n antes de su implementaci\u00f3n.<\/p>\n<p>Para conocer nuestra <b>Pol\u00edtica de Cookies<\/b>, visita: <a href=\"https:\/\/www.cloud-trim.com\/es\/cookies\/\">https:\/\/www.cloud-trim.com\/es\/cookies\/<\/a><\/p>\n<h2>Cont\u00e1ctanos<\/h2>\n<p>Si tienes alguna pregunta sobre nuestra Pol\u00edtica de Privacidad, por favor <a href=\"https:\/\/www.cloud-trim.com\/es\/contacto\/\">cont\u00e1ctanos<\/a>.<\/p>\t\t\t\t\t\t\t\t<\/div>\n\t\t\t\t<\/div>\n\t\t\t\t<div class=\"elementor-element elementor-element-70e676d elementor-widget elementor-widget-spacer\" data-id=\"70e676d\" data-element_type=\"widget\" data-widget_type=\"spacer.default\">\n\t\t\t\t<div class=\"elementor-widget-container\">\n\t\t\t\t\t\t\t<div class=\"elementor-spacer\">\n\t\t\t<div class=\"elementor-spacer-inner\"><\/div>\n\t\t<\/div>\n\t\t\t\t\t\t<\/div>\n\t\t\t\t<\/div>\n\t\t\t\t<div class=\"elementor-element elementor-element-70ec101b elementor-widget elementor-widget-spacer\" data-id=\"70ec101b\" data-element_type=\"widget\" data-widget_type=\"spacer.default\">\n\t\t\t\t<div class=\"elementor-widget-container\">\n\t\t\t\t\t\t\t<div class=\"elementor-spacer\">\n\t\t\t<div class=\"elementor-spacer-inner\"><\/div>\n\t\t<\/div>\n\t\t\t\t\t\t<\/div>\n\t\t\t\t<\/div>\n\t\t\t\t\t<\/div>\n\t\t<\/div>\n\t\t\t\t\t<\/div>\n\t\t<\/section>\n\t\t\t\t<\/div>\n\t\t","protected":false},"excerpt":{"rendered":"<p>Responsable de los Datos Identidad: Unimedia Technology SLU CIF: B66934365 Direcci\u00f3n: C\/Esteve Terradas, 1, 111A \u2013 Mediterranean Technology Park (PMT) \u2013 08860 Castelldefels, Barcelona, Espa\u00f1a Tel\u00e9fono de contacto: +34 936 01 40 40 Correo electr\u00f3nico: info@unimedia.tech Regulaciones de Gesti\u00f3n de Datos Nuestras actividades se rigen por el Reglamento General de Protecci\u00f3n de Datos (RGPD), que [&hellip;]<\/p>\n","protected":false},"author":1,"featured_media":0,"parent":0,"menu_order":0,"comment_status":"closed","ping_status":"closed","template":"elementor_header_footer","meta":{"footnotes":""},"class_list":["post-1111","page","type-page","status-publish","hentry"],"yoast_head":"<!-- This site is optimized with the Yoast SEO plugin v26.2 - https:\/\/yoast.com\/wordpress\/plugins\/seo\/ -->\n<title>Pol\u00edtica de privacidad - Cloud Trim<\/title>\n<meta name=\"robots\" content=\"noindex, nofollow\" \/>\n<meta property=\"og:locale\" content=\"es_ES\" \/>\n<meta property=\"og:type\" content=\"article\" \/>\n<meta property=\"og:title\" content=\"Pol\u00edtica de privacidad - Cloud Trim\" \/>\n<meta property=\"og:description\" content=\"Responsable de los Datos Identidad: Unimedia Technology SLU CIF: B66934365 Direcci\u00f3n: C\/Esteve Terradas, 1, 111A \u2013 Mediterranean Technology Park (PMT) \u2013 08860 Castelldefels, Barcelona, Espa\u00f1a Tel\u00e9fono de contacto: +34 936 01 40 40 Correo electr\u00f3nico: info@unimedia.tech Regulaciones de Gesti\u00f3n de Datos Nuestras actividades se rigen por el Reglamento General de Protecci\u00f3n de Datos (RGPD), que [&hellip;]\" \/>\n<meta property=\"og:url\" content=\"https:\/\/www.cloud-trim.com\/es\/privacidad\/\" \/>\n<meta property=\"og:site_name\" content=\"Cloud Trim\" \/>\n<meta property=\"article:modified_time\" content=\"2024-10-24T17:34:23+00:00\" \/>\n<meta name=\"twitter:card\" content=\"summary_large_image\" \/>\n<meta name=\"twitter:label1\" content=\"Tiempo de lectura\" \/>\n\t<meta name=\"twitter:data1\" content=\"3 minutos\" \/>\n<script type=\"application\/ld+json\" class=\"yoast-schema-graph\">{\"@context\":\"https:\/\/schema.org\",\"@graph\":[{\"@type\":\"WebPage\",\"@id\":\"https:\/\/www.cloud-trim.com\/es\/privacidad\/\",\"url\":\"https:\/\/www.cloud-trim.com\/es\/privacidad\/\",\"name\":\"Pol\u00edtica de privacidad - Cloud Trim\",\"isPartOf\":{\"@id\":\"https:\/\/www.cloud-trim.com\/#website\"},\"datePublished\":\"2024-10-14T12:38:28+00:00\",\"dateModified\":\"2024-10-24T17:34:23+00:00\",\"breadcrumb\":{\"@id\":\"https:\/\/www.cloud-trim.com\/es\/privacidad\/#breadcrumb\"},\"inLanguage\":\"es\",\"potentialAction\":[{\"@type\":\"ReadAction\",\"target\":[\"https:\/\/www.cloud-trim.com\/es\/privacidad\/\"]}]},{\"@type\":\"BreadcrumbList\",\"@id\":\"https:\/\/www.cloud-trim.com\/es\/privacidad\/#breadcrumb\",\"itemListElement\":[{\"@type\":\"ListItem\",\"position\":1,\"name\":\"Portada\",\"item\":\"https:\/\/www.cloud-trim.com\/\"},{\"@type\":\"ListItem\",\"position\":2,\"name\":\"Pol\u00edtica de privacidad\"}]},{\"@type\":\"WebSite\",\"@id\":\"https:\/\/www.cloud-trim.com\/#website\",\"url\":\"https:\/\/www.cloud-trim.com\/\",\"name\":\"Cloud Trim\",\"description\":\"Herramienta gratuita de optimizaci\u00f3n de AWS Cloud de Unimedia Technology\",\"publisher\":{\"@id\":\"https:\/\/www.cloud-trim.com\/#organization\"},\"potentialAction\":[{\"@type\":\"SearchAction\",\"target\":{\"@type\":\"EntryPoint\",\"urlTemplate\":\"https:\/\/www.cloud-trim.com\/?s={search_term_string}\"},\"query-input\":{\"@type\":\"PropertyValueSpecification\",\"valueRequired\":true,\"valueName\":\"search_term_string\"}}],\"inLanguage\":\"es\"},{\"@type\":\"Organization\",\"@id\":\"https:\/\/www.cloud-trim.com\/#organization\",\"name\":\"Cloud Trim\",\"url\":\"https:\/\/www.cloud-trim.com\/\",\"logo\":{\"@type\":\"ImageObject\",\"inLanguage\":\"es\",\"@id\":\"https:\/\/www.cloud-trim.com\/#\/schema\/logo\/image\/\",\"url\":\"https:\/\/www.cloud-trim.com\/wp-content\/uploads\/2024\/09\/cloud-trim-logo.svg\",\"contentUrl\":\"https:\/\/www.cloud-trim.com\/wp-content\/uploads\/2024\/09\/cloud-trim-logo.svg\",\"width\":3396,\"height\":750,\"caption\":\"Cloud Trim\"},\"image\":{\"@id\":\"https:\/\/www.cloud-trim.com\/#\/schema\/logo\/image\/\"}}]}<\/script>\n<!-- \/ Yoast SEO plugin. -->","yoast_head_json":{"title":"Pol\u00edtica de privacidad - Cloud Trim","robots":{"index":"noindex","follow":"nofollow"},"og_locale":"es_ES","og_type":"article","og_title":"Pol\u00edtica de privacidad - Cloud Trim","og_description":"Responsable de los Datos Identidad: Unimedia Technology SLU CIF: B66934365 Direcci\u00f3n: C\/Esteve Terradas, 1, 111A \u2013 Mediterranean Technology Park (PMT) \u2013 08860 Castelldefels, Barcelona, Espa\u00f1a Tel\u00e9fono de contacto: +34 936 01 40 40 Correo electr\u00f3nico: info@unimedia.tech Regulaciones de Gesti\u00f3n de Datos Nuestras actividades se rigen por el Reglamento General de Protecci\u00f3n de Datos (RGPD), que [&hellip;]","og_url":"https:\/\/www.cloud-trim.com\/es\/privacidad\/","og_site_name":"Cloud Trim","article_modified_time":"2024-10-24T17:34:23+00:00","twitter_card":"summary_large_image","twitter_misc":{"Tiempo de lectura":"3 minutos"},"schema":{"@context":"https:\/\/schema.org","@graph":[{"@type":"WebPage","@id":"https:\/\/www.cloud-trim.com\/es\/privacidad\/","url":"https:\/\/www.cloud-trim.com\/es\/privacidad\/","name":"Pol\u00edtica de privacidad - Cloud Trim","isPartOf":{"@id":"https:\/\/www.cloud-trim.com\/#website"},"datePublished":"2024-10-14T12:38:28+00:00","dateModified":"2024-10-24T17:34:23+00:00","breadcrumb":{"@id":"https:\/\/www.cloud-trim.com\/es\/privacidad\/#breadcrumb"},"inLanguage":"es","potentialAction":[{"@type":"ReadAction","target":["https:\/\/www.cloud-trim.com\/es\/privacidad\/"]}]},{"@type":"BreadcrumbList","@id":"https:\/\/www.cloud-trim.com\/es\/privacidad\/#breadcrumb","itemListElement":[{"@type":"ListItem","position":1,"name":"Portada","item":"https:\/\/www.cloud-trim.com\/"},{"@type":"ListItem","position":2,"name":"Pol\u00edtica de privacidad"}]},{"@type":"WebSite","@id":"https:\/\/www.cloud-trim.com\/#website","url":"https:\/\/www.cloud-trim.com\/","name":"Cloud Trim","description":"Herramienta gratuita de optimizaci\u00f3n de AWS Cloud de Unimedia Technology","publisher":{"@id":"https:\/\/www.cloud-trim.com\/#organization"},"potentialAction":[{"@type":"SearchAction","target":{"@type":"EntryPoint","urlTemplate":"https:\/\/www.cloud-trim.com\/?s={search_term_string}"},"query-input":{"@type":"PropertyValueSpecification","valueRequired":true,"valueName":"search_term_string"}}],"inLanguage":"es"},{"@type":"Organization","@id":"https:\/\/www.cloud-trim.com\/#organization","name":"Cloud Trim","url":"https:\/\/www.cloud-trim.com\/","logo":{"@type":"ImageObject","inLanguage":"es","@id":"https:\/\/www.cloud-trim.com\/#\/schema\/logo\/image\/","url":"https:\/\/www.cloud-trim.com\/wp-content\/uploads\/2024\/09\/cloud-trim-logo.svg","contentUrl":"https:\/\/www.cloud-trim.com\/wp-content\/uploads\/2024\/09\/cloud-trim-logo.svg","width":3396,"height":750,"caption":"Cloud Trim"},"image":{"@id":"https:\/\/www.cloud-trim.com\/#\/schema\/logo\/image\/"}}]}},"_links":{"self":[{"href":"https:\/\/www.cloud-trim.com\/es\/wp-json\/wp\/v2\/pages\/1111","targetHints":{"allow":["GET"]}}],"collection":[{"href":"https:\/\/www.cloud-trim.com\/es\/wp-json\/wp\/v2\/pages"}],"about":[{"href":"https:\/\/www.cloud-trim.com\/es\/wp-json\/wp\/v2\/types\/page"}],"author":[{"embeddable":true,"href":"https:\/\/www.cloud-trim.com\/es\/wp-json\/wp\/v2\/users\/1"}],"replies":[{"embeddable":true,"href":"https:\/\/www.cloud-trim.com\/es\/wp-json\/wp\/v2\/comments?post=1111"}],"version-history":[{"count":10,"href":"https:\/\/www.cloud-trim.com\/es\/wp-json\/wp\/v2\/pages\/1111\/revisions"}],"predecessor-version":[{"id":1293,"href":"https:\/\/www.cloud-trim.com\/es\/wp-json\/wp\/v2\/pages\/1111\/revisions\/1293"}],"wp:attachment":[{"href":"https:\/\/www.cloud-trim.com\/es\/wp-json\/wp\/v2\/media?parent=1111"}],"curies":[{"name":"wp","href":"https:\/\/api.w.org\/{rel}","templated":true}]}}