{"id":1112,"date":"2024-10-14T14:38:09","date_gmt":"2024-10-14T12:38:09","guid":{"rendered":"https:\/\/www.cloud-trim.com\/legal-notice\/"},"modified":"2024-10-24T19:34:07","modified_gmt":"2024-10-24T17:34:07","slug":"aviso-legal","status":"publish","type":"page","link":"https:\/\/www.cloud-trim.com\/es\/aviso-legal\/","title":{"rendered":"Aviso legal"},"content":{"rendered":"\t\t<div data-elementor-type=\"wp-page\" data-elementor-id=\"1112\" class=\"elementor elementor-1112 elementor-552\" data-elementor-post-type=\"page\">\n\t\t\t\t\t\t<section class=\"elementor-section elementor-top-section elementor-element elementor-element-3440d8e2 elementor-section-boxed elementor-section-height-default elementor-section-height-default\" data-id=\"3440d8e2\" data-element_type=\"section\" data-settings=\"{&quot;background_background&quot;:&quot;classic&quot;,&quot;shape_divider_bottom&quot;:&quot;mountains&quot;}\">\n\t\t\t\t\t<div class=\"elementor-shape elementor-shape-bottom\" aria-hidden=\"true\" data-negative=\"false\">\n\t\t\t<svg xmlns=\"http:\/\/www.w3.org\/2000\/svg\" viewBox=\"0 0 1000 100\" preserveAspectRatio=\"none\">\n\t<path class=\"elementor-shape-fill\" opacity=\"0.33\" d=\"M473,67.3c-203.9,88.3-263.1-34-320.3,0C66,119.1,0,59.7,0,59.7V0h1000v59.7 c0,0-62.1,26.1-94.9,29.3c-32.8,3.3-62.8-12.3-75.8-22.1C806,49.6,745.3,8.7,694.9,4.7S492.4,59,473,67.3z\"\/>\n\t<path class=\"elementor-shape-fill\" opacity=\"0.66\" d=\"M734,67.3c-45.5,0-77.2-23.2-129.1-39.1c-28.6-8.7-150.3-10.1-254,39.1 s-91.7-34.4-149.2,0C115.7,118.3,0,39.8,0,39.8V0h1000v36.5c0,0-28.2-18.5-92.1-18.5C810.2,18.1,775.7,67.3,734,67.3z\"\/>\n\t<path class=\"elementor-shape-fill\" d=\"M766.1,28.9c-200-57.5-266,65.5-395.1,19.5C242,1.8,242,5.4,184.8,20.6C128,35.8,132.3,44.9,89.9,52.5C28.6,63.7,0,0,0,0 h1000c0,0-9.9,40.9-83.6,48.1S829.6,47,766.1,28.9z\"\/>\n<\/svg>\t\t<\/div>\n\t\t\t\t\t<div class=\"elementor-container elementor-column-gap-default\">\n\t\t\t\t\t<div class=\"elementor-column elementor-col-100 elementor-top-column elementor-element elementor-element-2e0f220e\" data-id=\"2e0f220e\" data-element_type=\"column\">\n\t\t\t<div class=\"elementor-widget-wrap elementor-element-populated\">\n\t\t\t\t\t\t<section class=\"elementor-section elementor-inner-section elementor-element elementor-element-29ef504a elementor-section-boxed elementor-section-height-default elementor-section-height-default\" data-id=\"29ef504a\" data-element_type=\"section\">\n\t\t\t\t\t\t<div class=\"elementor-container elementor-column-gap-no\">\n\t\t\t\t\t<div class=\"elementor-column elementor-col-100 elementor-inner-column elementor-element elementor-element-210945b0\" data-id=\"210945b0\" data-element_type=\"column\">\n\t\t\t<div class=\"elementor-widget-wrap elementor-element-populated\">\n\t\t\t\t\t\t<div class=\"elementor-element elementor-element-6e3b1419 elementor-widget elementor-widget-heading\" data-id=\"6e3b1419\" data-element_type=\"widget\" data-widget_type=\"heading.default\">\n\t\t\t\t<div class=\"elementor-widget-container\">\n\t\t\t\t\t<h1 class=\"elementor-heading-title elementor-size-default\">Aviso legal<\/h1>\t\t\t\t<\/div>\n\t\t\t\t<\/div>\n\t\t\t\t<div class=\"elementor-element elementor-element-3e517ab8 elementor-widget-divider--separator-type-pattern elementor-widget-divider--view-line elementor-widget elementor-widget-divider\" data-id=\"3e517ab8\" data-element_type=\"widget\" data-widget_type=\"divider.default\">\n\t\t\t\t<div class=\"elementor-widget-container\">\n\t\t\t\t\t\t\t<div class=\"elementor-divider\" style=\"--divider-pattern-url: url(&quot;data:image\/svg+xml,%3Csvg xmlns=&#039;http:\/\/www.w3.org\/2000\/svg&#039; preserveAspectRatio=&#039;none&#039; overflow=&#039;visible&#039; height=&#039;100%&#039; viewBox=&#039;0 0 24 24&#039; fill=&#039;none&#039; stroke=&#039;black&#039; stroke-width=&#039;10&#039; stroke-linecap=&#039;square&#039; stroke-miterlimit=&#039;10&#039;%3E%3Cpolyline points=&#039;0,18 12,6 24,18 &#039;\/%3E%3C\/svg%3E&quot;);\">\n\t\t\t<span class=\"elementor-divider-separator\">\n\t\t\t\t\t\t<\/span>\n\t\t<\/div>\n\t\t\t\t\t\t<\/div>\n\t\t\t\t<\/div>\n\t\t\t\t\t<\/div>\n\t\t<\/div>\n\t\t\t\t\t<\/div>\n\t\t<\/section>\n\t\t\t\t\t<\/div>\n\t\t<\/div>\n\t\t\t\t\t<\/div>\n\t\t<\/section>\n\t\t\t\t<section class=\"elementor-section elementor-top-section elementor-element elementor-element-33a4fe32 elementor-section-boxed elementor-section-height-default elementor-section-height-default\" data-id=\"33a4fe32\" data-element_type=\"section\">\n\t\t\t\t\t\t<div class=\"elementor-container elementor-column-gap-default\">\n\t\t\t\t\t<div class=\"elementor-column elementor-col-100 elementor-top-column elementor-element elementor-element-26c6fd62\" data-id=\"26c6fd62\" data-element_type=\"column\">\n\t\t\t<div class=\"elementor-widget-wrap elementor-element-populated\">\n\t\t\t\t\t\t<div class=\"elementor-element elementor-element-33915223 elementor-widget elementor-widget-spacer\" data-id=\"33915223\" data-element_type=\"widget\" data-widget_type=\"spacer.default\">\n\t\t\t\t<div class=\"elementor-widget-container\">\n\t\t\t\t\t\t\t<div class=\"elementor-spacer\">\n\t\t\t<div class=\"elementor-spacer-inner\"><\/div>\n\t\t<\/div>\n\t\t\t\t\t\t<\/div>\n\t\t\t\t<\/div>\n\t\t\t\t\t<\/div>\n\t\t<\/div>\n\t\t\t\t\t<\/div>\n\t\t<\/section>\n\t\t\t\t<section class=\"elementor-section elementor-top-section elementor-element elementor-element-4cb415a3 elementor-section-boxed elementor-section-height-default elementor-section-height-default\" data-id=\"4cb415a3\" data-element_type=\"section\">\n\t\t\t\t\t\t<div class=\"elementor-container elementor-column-gap-default\">\n\t\t\t\t\t<div class=\"elementor-column elementor-col-100 elementor-top-column elementor-element elementor-element-493c28e9\" data-id=\"493c28e9\" data-element_type=\"column\">\n\t\t\t<div class=\"elementor-widget-wrap elementor-element-populated\">\n\t\t\t\t\t\t<div class=\"elementor-element elementor-element-5c1a4be1 elementor-widget elementor-widget-spacer\" data-id=\"5c1a4be1\" data-element_type=\"widget\" data-widget_type=\"spacer.default\">\n\t\t\t\t<div class=\"elementor-widget-container\">\n\t\t\t\t\t\t\t<div class=\"elementor-spacer\">\n\t\t\t<div class=\"elementor-spacer-inner\"><\/div>\n\t\t<\/div>\n\t\t\t\t\t\t<\/div>\n\t\t\t\t<\/div>\n\t\t\t\t<div class=\"elementor-element elementor-element-7bd8ebae elementor-widget elementor-widget-text-editor\" data-id=\"7bd8ebae\" data-element_type=\"widget\" data-widget_type=\"text-editor.default\">\n\t\t\t\t<div class=\"elementor-widget-container\">\n\t\t\t\t\t\t\t\t\t<h2>Identificaci\u00f3n del Titular<\/h2><ul><li>Nombre de la empresa: Unimedia Technology S.L.U.<\/li><li>NIF (CIF): B66934365<\/li><li>Domicilio Social: C\/Esteve Terradas, 1, 111A \u2013 Mediterranean Technology Park (PMT) \u2013 08860 Castelldefels, Barcelona, Espa\u00f1a<\/li><li>Correo electr\u00f3nico de contacto: info@unimedia.tech<\/li><li>Tel\u00e9fono: +34 936 01 40 40<\/li><\/ul><h2>Objeto<\/h2><p>Este Aviso Legal regula el uso y la utilizaci\u00f3n del sitio web <a href=\"https:\/\/www.cloud-trim.com\/\">https:\/\/www.cloud-trim.com\/<\/a>, propiedad de Unimedia Technology SLU. Navegar por el sitio web del Titular otorga la condici\u00f3n de usuario e implica la aceptaci\u00f3n plena y sin reservas de todas y cada una de las disposiciones incluidas en este Aviso Legal, que pueden ser modificadas.<\/p><h2>Uso del Sitio Web<\/h2><p>El sitio web y sus servicios son de acceso libre y gratuito, sin embargo, Unimedia Technology SLU condiciona la utilizaci\u00f3n de algunos de los servicios ofrecidos en su web a la previa cumplimentaci\u00f3n del correspondiente formulario.<\/p><p>El usuario garantiza la autenticidad y actualidad de todos los datos que comunique a Unimedia Technology SLU y ser\u00e1 el \u00fanico responsable de las manifestaciones falsas o inexactas que realice.<\/p><h2>Propiedad Intelectual e Industrial<\/h2><p>Unimedia Technology SLU es titular de todos los derechos de propiedad intelectual e industrial de su sitio web, as\u00ed como de los elementos contenidos en el mismo. Cualquier uso no autorizado previamente por Unimedia Technology SLU ser\u00e1 considerado un incumplimiento grave de los derechos de propiedad intelectual o industrial del autor.<\/p><h2>Exclusi\u00f3n de Garant\u00edas y Responsabilidad<\/h2><p>Unimedia Technology SLU no otorga ninguna garant\u00eda y no se hace responsable, en ning\u00fan caso, de los da\u00f1os y perjuicios de cualquier naturaleza que pudieran ocasionarse por la falta de disponibilidad, mantenimiento y efectivo funcionamiento del sitio web o de sus servicios y contenidos.<\/p><h2>Modificaciones<\/h2><p>Unimedia Technology SLU se reserva el derecho de realizar sin previo aviso las modificaciones que considere oportunas en su sitio web, pudiendo cambiar, suprimir o a\u00f1adir tanto los contenidos y servicios que se presten a trav\u00e9s del mismo, como la forma en la que estos aparezcan presentados o localizados en su portal.<\/p><h2>Enlaces<\/h2><p>En el caso de que en la web se dispusieran enlaces o hiperv\u00ednculos hacia otros sitios de Internet, Unimedia Technology SLU no ejercer\u00e1 ning\u00fan tipo de control sobre dichos sitios y contenidos. Unimedia Technology SLU no tiene control sobre el contenido, pol\u00edticas de privacidad o pr\u00e1cticas de sitios web o servicios de terceros y no asume ninguna responsabilidad por ellos.<\/p><h2>Derecho de Exclusi\u00f3n<\/h2><p>Unimedia Technology SLU se reserva el derecho a denegar o retirar el acceso al portal y\/o los servicios ofrecidos sin necesidad de preaviso, a instancia propia o de un tercero, a aquellos usuarios que incumplan el presente Aviso Legal.<\/p><h2>Legislaci\u00f3n Aplicable y Jurisdicci\u00f3n<\/h2><p>La relaci\u00f3n entre Unimedia Technology SLU y el usuario se regir\u00e1 por la normativa espa\u00f1ola vigente y cualquier controversia se someter\u00e1 a los Juzgados y Tribunales de la ciudad de Barcelona, Espa\u00f1a.<\/p><h2>Cont\u00e1ctanos<\/h2><p>Si tienes alguna pregunta sobre estos T\u00e9rminos, por favor <a href=\"https:\/\/www.cloud-trim.com\/es\/contacto\/\">cont\u00e1ctanos<\/a>.<\/p>\t\t\t\t\t\t\t\t<\/div>\n\t\t\t\t<\/div>\n\t\t\t\t<div class=\"elementor-element elementor-element-70e676d elementor-widget elementor-widget-spacer\" data-id=\"70e676d\" data-element_type=\"widget\" data-widget_type=\"spacer.default\">\n\t\t\t\t<div class=\"elementor-widget-container\">\n\t\t\t\t\t\t\t<div class=\"elementor-spacer\">\n\t\t\t<div class=\"elementor-spacer-inner\"><\/div>\n\t\t<\/div>\n\t\t\t\t\t\t<\/div>\n\t\t\t\t<\/div>\n\t\t\t\t<div class=\"elementor-element elementor-element-70ec101b elementor-widget elementor-widget-spacer\" data-id=\"70ec101b\" data-element_type=\"widget\" data-widget_type=\"spacer.default\">\n\t\t\t\t<div class=\"elementor-widget-container\">\n\t\t\t\t\t\t\t<div class=\"elementor-spacer\">\n\t\t\t<div class=\"elementor-spacer-inner\"><\/div>\n\t\t<\/div>\n\t\t\t\t\t\t<\/div>\n\t\t\t\t<\/div>\n\t\t\t\t\t<\/div>\n\t\t<\/div>\n\t\t\t\t\t<\/div>\n\t\t<\/section>\n\t\t\t\t<\/div>\n\t\t","protected":false},"excerpt":{"rendered":"<p>Identificaci\u00f3n del Titular Nombre de la empresa: Unimedia Technology S.L.U. NIF (CIF): B66934365 Domicilio Social: C\/Esteve Terradas, 1, 111A \u2013 Mediterranean Technology Park (PMT) \u2013 08860 Castelldefels, Barcelona, Espa\u00f1a Correo electr\u00f3nico de contacto: info@unimedia.tech Tel\u00e9fono: +34 936 01 40 40 Objeto Este Aviso Legal regula el uso y la utilizaci\u00f3n del sitio web https:\/\/www.cloud-trim.com\/, propiedad [&hellip;]<\/p>\n","protected":false},"author":1,"featured_media":0,"parent":0,"menu_order":0,"comment_status":"closed","ping_status":"closed","template":"elementor_header_footer","meta":{"footnotes":""},"class_list":["post-1112","page","type-page","status-publish","hentry"],"yoast_head":"<!-- This site is optimized with the Yoast SEO plugin v26.2 - https:\/\/yoast.com\/wordpress\/plugins\/seo\/ -->\n<title>Aviso legal - Cloud Trim<\/title>\n<meta name=\"robots\" content=\"noindex, nofollow\" \/>\n<meta property=\"og:locale\" content=\"es_ES\" \/>\n<meta property=\"og:type\" content=\"article\" \/>\n<meta property=\"og:title\" content=\"Aviso legal - Cloud Trim\" \/>\n<meta property=\"og:description\" content=\"Identificaci\u00f3n del Titular Nombre de la empresa: Unimedia Technology S.L.U. NIF (CIF): B66934365 Domicilio Social: C\/Esteve Terradas, 1, 111A \u2013 Mediterranean Technology Park (PMT) \u2013 08860 Castelldefels, Barcelona, Espa\u00f1a Correo electr\u00f3nico de contacto: info@unimedia.tech Tel\u00e9fono: +34 936 01 40 40 Objeto Este Aviso Legal regula el uso y la utilizaci\u00f3n del sitio web https:\/\/www.cloud-trim.com\/, propiedad [&hellip;]\" \/>\n<meta property=\"og:url\" content=\"https:\/\/www.cloud-trim.com\/es\/aviso-legal\/\" \/>\n<meta property=\"og:site_name\" content=\"Cloud Trim\" \/>\n<meta property=\"article:modified_time\" content=\"2024-10-24T17:34:07+00:00\" \/>\n<meta name=\"twitter:card\" content=\"summary_large_image\" \/>\n<meta name=\"twitter:label1\" content=\"Tiempo de lectura\" \/>\n\t<meta name=\"twitter:data1\" content=\"3 minutos\" \/>\n<script type=\"application\/ld+json\" class=\"yoast-schema-graph\">{\"@context\":\"https:\/\/schema.org\",\"@graph\":[{\"@type\":\"WebPage\",\"@id\":\"https:\/\/www.cloud-trim.com\/es\/aviso-legal\/\",\"url\":\"https:\/\/www.cloud-trim.com\/es\/aviso-legal\/\",\"name\":\"Aviso legal - Cloud Trim\",\"isPartOf\":{\"@id\":\"https:\/\/www.cloud-trim.com\/#website\"},\"datePublished\":\"2024-10-14T12:38:09+00:00\",\"dateModified\":\"2024-10-24T17:34:07+00:00\",\"breadcrumb\":{\"@id\":\"https:\/\/www.cloud-trim.com\/es\/aviso-legal\/#breadcrumb\"},\"inLanguage\":\"es\",\"potentialAction\":[{\"@type\":\"ReadAction\",\"target\":[\"https:\/\/www.cloud-trim.com\/es\/aviso-legal\/\"]}]},{\"@type\":\"BreadcrumbList\",\"@id\":\"https:\/\/www.cloud-trim.com\/es\/aviso-legal\/#breadcrumb\",\"itemListElement\":[{\"@type\":\"ListItem\",\"position\":1,\"name\":\"Portada\",\"item\":\"https:\/\/www.cloud-trim.com\/\"},{\"@type\":\"ListItem\",\"position\":2,\"name\":\"Aviso legal\"}]},{\"@type\":\"WebSite\",\"@id\":\"https:\/\/www.cloud-trim.com\/#website\",\"url\":\"https:\/\/www.cloud-trim.com\/\",\"name\":\"Cloud Trim\",\"description\":\"Herramienta gratuita de optimizaci\u00f3n de AWS Cloud de Unimedia Technology\",\"publisher\":{\"@id\":\"https:\/\/www.cloud-trim.com\/#organization\"},\"potentialAction\":[{\"@type\":\"SearchAction\",\"target\":{\"@type\":\"EntryPoint\",\"urlTemplate\":\"https:\/\/www.cloud-trim.com\/?s={search_term_string}\"},\"query-input\":{\"@type\":\"PropertyValueSpecification\",\"valueRequired\":true,\"valueName\":\"search_term_string\"}}],\"inLanguage\":\"es\"},{\"@type\":\"Organization\",\"@id\":\"https:\/\/www.cloud-trim.com\/#organization\",\"name\":\"Cloud Trim\",\"url\":\"https:\/\/www.cloud-trim.com\/\",\"logo\":{\"@type\":\"ImageObject\",\"inLanguage\":\"es\",\"@id\":\"https:\/\/www.cloud-trim.com\/#\/schema\/logo\/image\/\",\"url\":\"https:\/\/www.cloud-trim.com\/wp-content\/uploads\/2024\/09\/cloud-trim-logo.svg\",\"contentUrl\":\"https:\/\/www.cloud-trim.com\/wp-content\/uploads\/2024\/09\/cloud-trim-logo.svg\",\"width\":3396,\"height\":750,\"caption\":\"Cloud Trim\"},\"image\":{\"@id\":\"https:\/\/www.cloud-trim.com\/#\/schema\/logo\/image\/\"}}]}<\/script>\n<!-- \/ Yoast SEO plugin. -->","yoast_head_json":{"title":"Aviso legal - Cloud Trim","robots":{"index":"noindex","follow":"nofollow"},"og_locale":"es_ES","og_type":"article","og_title":"Aviso legal - Cloud Trim","og_description":"Identificaci\u00f3n del Titular Nombre de la empresa: Unimedia Technology S.L.U. NIF (CIF): B66934365 Domicilio Social: C\/Esteve Terradas, 1, 111A \u2013 Mediterranean Technology Park (PMT) \u2013 08860 Castelldefels, Barcelona, Espa\u00f1a Correo electr\u00f3nico de contacto: info@unimedia.tech Tel\u00e9fono: +34 936 01 40 40 Objeto Este Aviso Legal regula el uso y la utilizaci\u00f3n del sitio web https:\/\/www.cloud-trim.com\/, propiedad [&hellip;]","og_url":"https:\/\/www.cloud-trim.com\/es\/aviso-legal\/","og_site_name":"Cloud Trim","article_modified_time":"2024-10-24T17:34:07+00:00","twitter_card":"summary_large_image","twitter_misc":{"Tiempo de lectura":"3 minutos"},"schema":{"@context":"https:\/\/schema.org","@graph":[{"@type":"WebPage","@id":"https:\/\/www.cloud-trim.com\/es\/aviso-legal\/","url":"https:\/\/www.cloud-trim.com\/es\/aviso-legal\/","name":"Aviso legal - Cloud Trim","isPartOf":{"@id":"https:\/\/www.cloud-trim.com\/#website"},"datePublished":"2024-10-14T12:38:09+00:00","dateModified":"2024-10-24T17:34:07+00:00","breadcrumb":{"@id":"https:\/\/www.cloud-trim.com\/es\/aviso-legal\/#breadcrumb"},"inLanguage":"es","potentialAction":[{"@type":"ReadAction","target":["https:\/\/www.cloud-trim.com\/es\/aviso-legal\/"]}]},{"@type":"BreadcrumbList","@id":"https:\/\/www.cloud-trim.com\/es\/aviso-legal\/#breadcrumb","itemListElement":[{"@type":"ListItem","position":1,"name":"Portada","item":"https:\/\/www.cloud-trim.com\/"},{"@type":"ListItem","position":2,"name":"Aviso legal"}]},{"@type":"WebSite","@id":"https:\/\/www.cloud-trim.com\/#website","url":"https:\/\/www.cloud-trim.com\/","name":"Cloud Trim","description":"Herramienta gratuita de optimizaci\u00f3n de AWS Cloud de Unimedia Technology","publisher":{"@id":"https:\/\/www.cloud-trim.com\/#organization"},"potentialAction":[{"@type":"SearchAction","target":{"@type":"EntryPoint","urlTemplate":"https:\/\/www.cloud-trim.com\/?s={search_term_string}"},"query-input":{"@type":"PropertyValueSpecification","valueRequired":true,"valueName":"search_term_string"}}],"inLanguage":"es"},{"@type":"Organization","@id":"https:\/\/www.cloud-trim.com\/#organization","name":"Cloud Trim","url":"https:\/\/www.cloud-trim.com\/","logo":{"@type":"ImageObject","inLanguage":"es","@id":"https:\/\/www.cloud-trim.com\/#\/schema\/logo\/image\/","url":"https:\/\/www.cloud-trim.com\/wp-content\/uploads\/2024\/09\/cloud-trim-logo.svg","contentUrl":"https:\/\/www.cloud-trim.com\/wp-content\/uploads\/2024\/09\/cloud-trim-logo.svg","width":3396,"height":750,"caption":"Cloud Trim"},"image":{"@id":"https:\/\/www.cloud-trim.com\/#\/schema\/logo\/image\/"}}]}},"_links":{"self":[{"href":"https:\/\/www.cloud-trim.com\/es\/wp-json\/wp\/v2\/pages\/1112","targetHints":{"allow":["GET"]}}],"collection":[{"href":"https:\/\/www.cloud-trim.com\/es\/wp-json\/wp\/v2\/pages"}],"about":[{"href":"https:\/\/www.cloud-trim.com\/es\/wp-json\/wp\/v2\/types\/page"}],"author":[{"embeddable":true,"href":"https:\/\/www.cloud-trim.com\/es\/wp-json\/wp\/v2\/users\/1"}],"replies":[{"embeddable":true,"href":"https:\/\/www.cloud-trim.com\/es\/wp-json\/wp\/v2\/comments?post=1112"}],"version-history":[{"count":4,"href":"https:\/\/www.cloud-trim.com\/es\/wp-json\/wp\/v2\/pages\/1112\/revisions"}],"predecessor-version":[{"id":1296,"href":"https:\/\/www.cloud-trim.com\/es\/wp-json\/wp\/v2\/pages\/1112\/revisions\/1296"}],"wp:attachment":[{"href":"https:\/\/www.cloud-trim.com\/es\/wp-json\/wp\/v2\/media?parent=1112"}],"curies":[{"name":"wp","href":"https:\/\/api.w.org\/{rel}","templated":true}]}}