{"id":1113,"date":"2024-10-14T13:51:57","date_gmt":"2024-10-14T11:51:57","guid":{"rendered":"https:\/\/www.cloud-trim.com\/terms-of-use\/"},"modified":"2024-10-24T18:12:48","modified_gmt":"2024-10-24T16:12:48","slug":"terminos-de-uso","status":"publish","type":"page","link":"https:\/\/www.cloud-trim.com\/es\/terminos-de-uso\/","title":{"rendered":"T\u00e9rminos de uso"},"content":{"rendered":"\t\t<div data-elementor-type=\"wp-page\" data-elementor-id=\"1113\" class=\"elementor elementor-1113 elementor-379\" data-elementor-post-type=\"page\">\n\t\t\t\t\t\t<section class=\"elementor-section elementor-top-section elementor-element elementor-element-3440d8e2 elementor-section-boxed elementor-section-height-default elementor-section-height-default\" data-id=\"3440d8e2\" data-element_type=\"section\" data-settings=\"{&quot;background_background&quot;:&quot;classic&quot;,&quot;shape_divider_bottom&quot;:&quot;mountains&quot;}\">\n\t\t\t\t\t<div class=\"elementor-shape elementor-shape-bottom\" aria-hidden=\"true\" data-negative=\"false\">\n\t\t\t<svg xmlns=\"http:\/\/www.w3.org\/2000\/svg\" viewBox=\"0 0 1000 100\" preserveAspectRatio=\"none\">\n\t<path class=\"elementor-shape-fill\" opacity=\"0.33\" d=\"M473,67.3c-203.9,88.3-263.1-34-320.3,0C66,119.1,0,59.7,0,59.7V0h1000v59.7 c0,0-62.1,26.1-94.9,29.3c-32.8,3.3-62.8-12.3-75.8-22.1C806,49.6,745.3,8.7,694.9,4.7S492.4,59,473,67.3z\"\/>\n\t<path class=\"elementor-shape-fill\" opacity=\"0.66\" d=\"M734,67.3c-45.5,0-77.2-23.2-129.1-39.1c-28.6-8.7-150.3-10.1-254,39.1 s-91.7-34.4-149.2,0C115.7,118.3,0,39.8,0,39.8V0h1000v36.5c0,0-28.2-18.5-92.1-18.5C810.2,18.1,775.7,67.3,734,67.3z\"\/>\n\t<path class=\"elementor-shape-fill\" d=\"M766.1,28.9c-200-57.5-266,65.5-395.1,19.5C242,1.8,242,5.4,184.8,20.6C128,35.8,132.3,44.9,89.9,52.5C28.6,63.7,0,0,0,0 h1000c0,0-9.9,40.9-83.6,48.1S829.6,47,766.1,28.9z\"\/>\n<\/svg>\t\t<\/div>\n\t\t\t\t\t<div class=\"elementor-container elementor-column-gap-default\">\n\t\t\t\t\t<div class=\"elementor-column elementor-col-100 elementor-top-column elementor-element elementor-element-2e0f220e\" data-id=\"2e0f220e\" data-element_type=\"column\">\n\t\t\t<div class=\"elementor-widget-wrap elementor-element-populated\">\n\t\t\t\t\t\t<section class=\"elementor-section elementor-inner-section elementor-element elementor-element-29ef504a elementor-section-boxed elementor-section-height-default elementor-section-height-default\" data-id=\"29ef504a\" data-element_type=\"section\">\n\t\t\t\t\t\t<div class=\"elementor-container elementor-column-gap-no\">\n\t\t\t\t\t<div class=\"elementor-column elementor-col-100 elementor-inner-column elementor-element elementor-element-210945b0\" data-id=\"210945b0\" data-element_type=\"column\">\n\t\t\t<div class=\"elementor-widget-wrap elementor-element-populated\">\n\t\t\t\t\t\t<div class=\"elementor-element elementor-element-6e3b1419 elementor-widget elementor-widget-heading\" data-id=\"6e3b1419\" data-element_type=\"widget\" data-widget_type=\"heading.default\">\n\t\t\t\t<div class=\"elementor-widget-container\">\n\t\t\t\t\t<h1 class=\"elementor-heading-title elementor-size-default\">T\u00e9rminos de uso de Cloud-Trim<\/h1>\t\t\t\t<\/div>\n\t\t\t\t<\/div>\n\t\t\t\t<div class=\"elementor-element elementor-element-3e517ab8 elementor-widget-divider--separator-type-pattern elementor-widget-divider--view-line elementor-widget elementor-widget-divider\" data-id=\"3e517ab8\" data-element_type=\"widget\" data-widget_type=\"divider.default\">\n\t\t\t\t<div class=\"elementor-widget-container\">\n\t\t\t\t\t\t\t<div class=\"elementor-divider\" style=\"--divider-pattern-url: url(&quot;data:image\/svg+xml,%3Csvg xmlns=&#039;http:\/\/www.w3.org\/2000\/svg&#039; preserveAspectRatio=&#039;none&#039; overflow=&#039;visible&#039; height=&#039;100%&#039; viewBox=&#039;0 0 24 24&#039; fill=&#039;none&#039; stroke=&#039;black&#039; stroke-width=&#039;10&#039; stroke-linecap=&#039;square&#039; stroke-miterlimit=&#039;10&#039;%3E%3Cpolyline points=&#039;0,18 12,6 24,18 &#039;\/%3E%3C\/svg%3E&quot;);\">\n\t\t\t<span class=\"elementor-divider-separator\">\n\t\t\t\t\t\t<\/span>\n\t\t<\/div>\n\t\t\t\t\t\t<\/div>\n\t\t\t\t<\/div>\n\t\t\t\t\t<\/div>\n\t\t<\/div>\n\t\t\t\t\t<\/div>\n\t\t<\/section>\n\t\t\t\t\t<\/div>\n\t\t<\/div>\n\t\t\t\t\t<\/div>\n\t\t<\/section>\n\t\t\t\t<section class=\"elementor-section elementor-top-section elementor-element elementor-element-33a4fe32 elementor-section-boxed elementor-section-height-default elementor-section-height-default\" data-id=\"33a4fe32\" data-element_type=\"section\">\n\t\t\t\t\t\t<div class=\"elementor-container elementor-column-gap-default\">\n\t\t\t\t\t<div class=\"elementor-column elementor-col-100 elementor-top-column elementor-element elementor-element-26c6fd62\" data-id=\"26c6fd62\" data-element_type=\"column\">\n\t\t\t<div class=\"elementor-widget-wrap elementor-element-populated\">\n\t\t\t\t\t\t<div class=\"elementor-element elementor-element-33915223 elementor-widget elementor-widget-spacer\" data-id=\"33915223\" data-element_type=\"widget\" data-widget_type=\"spacer.default\">\n\t\t\t\t<div class=\"elementor-widget-container\">\n\t\t\t\t\t\t\t<div class=\"elementor-spacer\">\n\t\t\t<div class=\"elementor-spacer-inner\"><\/div>\n\t\t<\/div>\n\t\t\t\t\t\t<\/div>\n\t\t\t\t<\/div>\n\t\t\t\t\t<\/div>\n\t\t<\/div>\n\t\t\t\t\t<\/div>\n\t\t<\/section>\n\t\t\t\t<section class=\"elementor-section elementor-top-section elementor-element elementor-element-4cb415a3 elementor-section-boxed elementor-section-height-default elementor-section-height-default\" data-id=\"4cb415a3\" data-element_type=\"section\">\n\t\t\t\t\t\t<div class=\"elementor-container elementor-column-gap-default\">\n\t\t\t\t\t<div class=\"elementor-column elementor-col-100 elementor-top-column elementor-element elementor-element-493c28e9\" data-id=\"493c28e9\" data-element_type=\"column\">\n\t\t\t<div class=\"elementor-widget-wrap elementor-element-populated\">\n\t\t\t\t\t\t<div class=\"elementor-element elementor-element-5c1a4be1 elementor-widget elementor-widget-spacer\" data-id=\"5c1a4be1\" data-element_type=\"widget\" data-widget_type=\"spacer.default\">\n\t\t\t\t<div class=\"elementor-widget-container\">\n\t\t\t\t\t\t\t<div class=\"elementor-spacer\">\n\t\t\t<div class=\"elementor-spacer-inner\"><\/div>\n\t\t<\/div>\n\t\t\t\t\t\t<\/div>\n\t\t\t\t<\/div>\n\t\t\t\t<div class=\"elementor-element elementor-element-7bd8ebae elementor-widget elementor-widget-text-editor\" data-id=\"7bd8ebae\" data-element_type=\"widget\" data-widget_type=\"text-editor.default\">\n\t\t\t\t<div class=\"elementor-widget-container\">\n\t\t\t\t\t\t\t\t\t<p style=\"text-align: right;\"><em>\u00daltima actualizaci\u00f3n: 14\/10\/2024<\/em><\/p><h2>1. Aceptaci\u00f3n de los t\u00e9rminos<\/h2><p>Al acceder o utilizar Cloud-Trim (\u201cel Servicio\u201d), reconoces que has le\u00eddo, entendido y aceptas estar sujeto a estos T\u00e9rminos de uso (\u201cT\u00e9rminos\u201d). Estos T\u00e9rminos se aplican a todos los usuarios del Servicio. Si no est\u00e1s de acuerdo con estos T\u00e9rminos, debes dejar de usar el Servicio de inmediato.<\/p><h2>2. Descripci\u00f3n del servicio<\/h2><p>Cloud-Trim es una herramienta gratuita proporcionada por Unimedia Technology que ayuda a los usuarios a optimizar sus entornos de AWS identificando recursos infrautilizados y ofreciendo recomendaciones para medidas de ahorro de costes. El Servicio se proporciona \u00abtal cual\u00bb, sin garant\u00edas ni promesas de rendimiento.<\/p><h2>3. No responsabilidad por p\u00e9rdidas<\/h2><p>Unimedia Technology no es responsable de ninguna p\u00e9rdida, da\u00f1o o perjuicio derivado del uso de Cloud-Trim. Al utilizar el Servicio, aceptas que Unimedia Technology no ser\u00e1 responsable de lo siguiente:<\/p><ul><li>Cualquier p\u00e9rdida directa, indirecta, incidental o consecuente de datos, beneficios, ingresos o interrupci\u00f3n del negocio.<\/li><li>Cualquier da\u00f1o o mal funcionamiento en tu entorno de AWS causado por acciones tomadas en funci\u00f3n de las recomendaciones proporcionadas por Cloud-Trim.<\/li><li>Cualquier violaci\u00f3n de seguridad relacionada con la provisi\u00f3n de credenciales de AWS (aunque Unimedia toma todas las medidas necesarias para manejar tus credenciales de manera segura).<\/li><\/ul><h2>4. Credenciales de AWS y seguridad<\/h2><p>Para utilizar el Servicio, los usuarios deben proporcionar credenciales de AWS (clave de acceso y clave secreta de acceso) con permisos de solo lectura. Al proporcionar estas credenciales, aceptas que:<\/p><ul><li>Eres responsable de crear un usuario IAM seguro y de mantener la seguridad de tu cuenta de AWS.<\/li><li>Unimedia manejar\u00e1 tus credenciales de manera segura y las eliminar\u00e1 despu\u00e9s de realizar el escaneo necesario de tu infraestructura de AWS.<\/li><li>Unimedia no acceder\u00e1, manipular\u00e1 ni interferir\u00e1 con ninguno de tus datos almacenados en AWS.<\/li><\/ul><h2>5. Renuncia de garant\u00edas<\/h2><p>El Servicio se proporciona \u201ctal cual\u201d y seg\u00fan disponibilidad. Unimedia Technology no ofrece garant\u00edas, expresas o impl\u00edcitas, sobre la exactitud, integridad o fiabilidad del Servicio o de las recomendaciones proporcionadas. Unimedia renuncia a cualquier garant\u00eda impl\u00edcita de comerciabilidad, idoneidad para un prop\u00f3sito particular y no infracci\u00f3n.<\/p><h2>6. Limitaci\u00f3n de responsabilidad<\/h2><p>En la m\u00e1xima medida permitida por la ley, Unimedia Technology no ser\u00e1 responsable de ning\u00fan da\u00f1o, incluidos, entre otros:<\/p><ul><li>Da\u00f1os directos o indirectos.<\/li><li>Da\u00f1os incidentales o consecuentes.<\/li><li>P\u00e9rdida de datos, p\u00e9rdida de beneficios o cualquier otra forma de p\u00e9rdida derivada del uso o la imposibilidad de usar el Servicio.<\/li><\/ul><h2>7. Consentimiento para ser contactado<\/h2><p>Al registrarte y utilizar Cloud-Trim, aceptas que Unimedia Technology te contacte por correo electr\u00f3nico, tel\u00e9fono u otros canales de comunicaci\u00f3n con el fin de:<br \/>Proporcionar actualizaciones o soporte relacionado con el Servicio.<\/p><p>Ofrecer servicios adicionales o promociones proporcionadas por Unimedia Technology.<br \/>Realizar un seguimiento para mejorar el Servicio.<\/p><p>Puedes optar por no recibir comunicaciones en cualquier momento haciendo clic en el enlace \u201cdarse de baja\u201d en nuestros correos electr\u00f3nicos o contact\u00e1ndonos directamente.<\/p><h2>8. Cambios en los t\u00e9rminos<\/h2><p>Unimedia Technology se reserva el derecho de actualizar o modificar estos T\u00e9rminos en cualquier momento sin previo aviso. Cualquier cambio se publicar\u00e1 en esta p\u00e1gina con una fecha actualizada.<\/p><p>El uso continuo del Servicio despu\u00e9s de que se hayan realizado los cambios constituye la aceptaci\u00f3n de los T\u00e9rminos revisados.<\/p><h2>9. Ley aplicable<\/h2><p>Estos T\u00e9rminos se regir\u00e1n e interpretar\u00e1n de acuerdo con las leyes de Barcelona (Espa\u00f1a), sin tener en cuenta sus principios de conflicto de leyes.<\/p><h2>10. Cont\u00e1ctanos<\/h2><p>Si tienes alguna pregunta sobre estos T\u00e9rminos, por favor cont\u00e1ctanos en:<\/p><ul><li>Correo electr\u00f3nico: support@cloud-trim.com<\/li><li>Tel\u00e9fono: +34 936 01 40 40<\/li><\/ul>\t\t\t\t\t\t\t\t<\/div>\n\t\t\t\t<\/div>\n\t\t\t\t<div class=\"elementor-element elementor-element-70e676d elementor-widget elementor-widget-spacer\" data-id=\"70e676d\" data-element_type=\"widget\" data-widget_type=\"spacer.default\">\n\t\t\t\t<div class=\"elementor-widget-container\">\n\t\t\t\t\t\t\t<div class=\"elementor-spacer\">\n\t\t\t<div class=\"elementor-spacer-inner\"><\/div>\n\t\t<\/div>\n\t\t\t\t\t\t<\/div>\n\t\t\t\t<\/div>\n\t\t\t\t<div class=\"elementor-element elementor-element-70ec101b elementor-widget elementor-widget-spacer\" data-id=\"70ec101b\" data-element_type=\"widget\" data-widget_type=\"spacer.default\">\n\t\t\t\t<div class=\"elementor-widget-container\">\n\t\t\t\t\t\t\t<div class=\"elementor-spacer\">\n\t\t\t<div class=\"elementor-spacer-inner\"><\/div>\n\t\t<\/div>\n\t\t\t\t\t\t<\/div>\n\t\t\t\t<\/div>\n\t\t\t\t\t<\/div>\n\t\t<\/div>\n\t\t\t\t\t<\/div>\n\t\t<\/section>\n\t\t\t\t<\/div>\n\t\t","protected":false},"excerpt":{"rendered":"<p>T\u00e9rminos de uso de Cloud-Trim \u00daltima actualizaci\u00f3n: 14\/10\/2024 1. Aceptaci\u00f3n de los t\u00e9rminos Al acceder o utilizar Cloud-Trim (\u201cel Servicio\u201d), reconoces que has le\u00eddo, entendido y aceptas estar sujeto a estos T\u00e9rminos de uso (\u201cT\u00e9rminos\u201d). Estos T\u00e9rminos se aplican a todos los usuarios del Servicio. Si no est\u00e1s de acuerdo con estos T\u00e9rminos, debes dejar [&hellip;]<\/p>\n","protected":false},"author":1,"featured_media":0,"parent":0,"menu_order":0,"comment_status":"closed","ping_status":"closed","template":"elementor_header_footer","meta":{"footnotes":""},"class_list":["post-1113","page","type-page","status-publish","hentry"],"yoast_head":"<!-- This site is optimized with the Yoast SEO plugin v26.2 - https:\/\/yoast.com\/wordpress\/plugins\/seo\/ -->\n<title>T\u00e9rminos de uso - Cloud Trim<\/title>\n<meta name=\"robots\" content=\"noindex, nofollow\" \/>\n<meta property=\"og:locale\" content=\"es_ES\" \/>\n<meta property=\"og:type\" content=\"article\" \/>\n<meta property=\"og:title\" content=\"T\u00e9rminos de uso - Cloud Trim\" \/>\n<meta property=\"og:description\" content=\"T\u00e9rminos de uso de Cloud-Trim \u00daltima actualizaci\u00f3n: 14\/10\/2024 1. Aceptaci\u00f3n de los t\u00e9rminos Al acceder o utilizar Cloud-Trim (\u201cel Servicio\u201d), reconoces que has le\u00eddo, entendido y aceptas estar sujeto a estos T\u00e9rminos de uso (\u201cT\u00e9rminos\u201d). Estos T\u00e9rminos se aplican a todos los usuarios del Servicio. Si no est\u00e1s de acuerdo con estos T\u00e9rminos, debes dejar [&hellip;]\" \/>\n<meta property=\"og:url\" content=\"https:\/\/www.cloud-trim.com\/es\/terminos-de-uso\/\" \/>\n<meta property=\"og:site_name\" content=\"Cloud Trim\" \/>\n<meta property=\"article:modified_time\" content=\"2024-10-24T16:12:48+00:00\" \/>\n<meta name=\"twitter:card\" content=\"summary_large_image\" \/>\n<meta name=\"twitter:label1\" content=\"Tiempo de lectura\" \/>\n\t<meta name=\"twitter:data1\" content=\"3 minutos\" \/>\n<script type=\"application\/ld+json\" class=\"yoast-schema-graph\">{\"@context\":\"https:\/\/schema.org\",\"@graph\":[{\"@type\":\"WebPage\",\"@id\":\"https:\/\/www.cloud-trim.com\/es\/terminos-de-uso\/\",\"url\":\"https:\/\/www.cloud-trim.com\/es\/terminos-de-uso\/\",\"name\":\"T\u00e9rminos de uso - Cloud Trim\",\"isPartOf\":{\"@id\":\"https:\/\/www.cloud-trim.com\/#website\"},\"datePublished\":\"2024-10-14T11:51:57+00:00\",\"dateModified\":\"2024-10-24T16:12:48+00:00\",\"breadcrumb\":{\"@id\":\"https:\/\/www.cloud-trim.com\/es\/terminos-de-uso\/#breadcrumb\"},\"inLanguage\":\"es\",\"potentialAction\":[{\"@type\":\"ReadAction\",\"target\":[\"https:\/\/www.cloud-trim.com\/es\/terminos-de-uso\/\"]}]},{\"@type\":\"BreadcrumbList\",\"@id\":\"https:\/\/www.cloud-trim.com\/es\/terminos-de-uso\/#breadcrumb\",\"itemListElement\":[{\"@type\":\"ListItem\",\"position\":1,\"name\":\"Portada\",\"item\":\"https:\/\/www.cloud-trim.com\/\"},{\"@type\":\"ListItem\",\"position\":2,\"name\":\"T\u00e9rminos de uso\"}]},{\"@type\":\"WebSite\",\"@id\":\"https:\/\/www.cloud-trim.com\/#website\",\"url\":\"https:\/\/www.cloud-trim.com\/\",\"name\":\"Cloud Trim\",\"description\":\"Herramienta gratuita de optimizaci\u00f3n de AWS Cloud de Unimedia Technology\",\"publisher\":{\"@id\":\"https:\/\/www.cloud-trim.com\/#organization\"},\"potentialAction\":[{\"@type\":\"SearchAction\",\"target\":{\"@type\":\"EntryPoint\",\"urlTemplate\":\"https:\/\/www.cloud-trim.com\/?s={search_term_string}\"},\"query-input\":{\"@type\":\"PropertyValueSpecification\",\"valueRequired\":true,\"valueName\":\"search_term_string\"}}],\"inLanguage\":\"es\"},{\"@type\":\"Organization\",\"@id\":\"https:\/\/www.cloud-trim.com\/#organization\",\"name\":\"Cloud Trim\",\"url\":\"https:\/\/www.cloud-trim.com\/\",\"logo\":{\"@type\":\"ImageObject\",\"inLanguage\":\"es\",\"@id\":\"https:\/\/www.cloud-trim.com\/#\/schema\/logo\/image\/\",\"url\":\"https:\/\/www.cloud-trim.com\/wp-content\/uploads\/2024\/09\/cloud-trim-logo.svg\",\"contentUrl\":\"https:\/\/www.cloud-trim.com\/wp-content\/uploads\/2024\/09\/cloud-trim-logo.svg\",\"width\":3396,\"height\":750,\"caption\":\"Cloud Trim\"},\"image\":{\"@id\":\"https:\/\/www.cloud-trim.com\/#\/schema\/logo\/image\/\"}}]}<\/script>\n<!-- \/ Yoast SEO plugin. -->","yoast_head_json":{"title":"T\u00e9rminos de uso - Cloud Trim","robots":{"index":"noindex","follow":"nofollow"},"og_locale":"es_ES","og_type":"article","og_title":"T\u00e9rminos de uso - Cloud Trim","og_description":"T\u00e9rminos de uso de Cloud-Trim \u00daltima actualizaci\u00f3n: 14\/10\/2024 1. Aceptaci\u00f3n de los t\u00e9rminos Al acceder o utilizar Cloud-Trim (\u201cel Servicio\u201d), reconoces que has le\u00eddo, entendido y aceptas estar sujeto a estos T\u00e9rminos de uso (\u201cT\u00e9rminos\u201d). Estos T\u00e9rminos se aplican a todos los usuarios del Servicio. Si no est\u00e1s de acuerdo con estos T\u00e9rminos, debes dejar [&hellip;]","og_url":"https:\/\/www.cloud-trim.com\/es\/terminos-de-uso\/","og_site_name":"Cloud Trim","article_modified_time":"2024-10-24T16:12:48+00:00","twitter_card":"summary_large_image","twitter_misc":{"Tiempo de lectura":"3 minutos"},"schema":{"@context":"https:\/\/schema.org","@graph":[{"@type":"WebPage","@id":"https:\/\/www.cloud-trim.com\/es\/terminos-de-uso\/","url":"https:\/\/www.cloud-trim.com\/es\/terminos-de-uso\/","name":"T\u00e9rminos de uso - Cloud Trim","isPartOf":{"@id":"https:\/\/www.cloud-trim.com\/#website"},"datePublished":"2024-10-14T11:51:57+00:00","dateModified":"2024-10-24T16:12:48+00:00","breadcrumb":{"@id":"https:\/\/www.cloud-trim.com\/es\/terminos-de-uso\/#breadcrumb"},"inLanguage":"es","potentialAction":[{"@type":"ReadAction","target":["https:\/\/www.cloud-trim.com\/es\/terminos-de-uso\/"]}]},{"@type":"BreadcrumbList","@id":"https:\/\/www.cloud-trim.com\/es\/terminos-de-uso\/#breadcrumb","itemListElement":[{"@type":"ListItem","position":1,"name":"Portada","item":"https:\/\/www.cloud-trim.com\/"},{"@type":"ListItem","position":2,"name":"T\u00e9rminos de uso"}]},{"@type":"WebSite","@id":"https:\/\/www.cloud-trim.com\/#website","url":"https:\/\/www.cloud-trim.com\/","name":"Cloud Trim","description":"Herramienta gratuita de optimizaci\u00f3n de AWS Cloud de Unimedia Technology","publisher":{"@id":"https:\/\/www.cloud-trim.com\/#organization"},"potentialAction":[{"@type":"SearchAction","target":{"@type":"EntryPoint","urlTemplate":"https:\/\/www.cloud-trim.com\/?s={search_term_string}"},"query-input":{"@type":"PropertyValueSpecification","valueRequired":true,"valueName":"search_term_string"}}],"inLanguage":"es"},{"@type":"Organization","@id":"https:\/\/www.cloud-trim.com\/#organization","name":"Cloud Trim","url":"https:\/\/www.cloud-trim.com\/","logo":{"@type":"ImageObject","inLanguage":"es","@id":"https:\/\/www.cloud-trim.com\/#\/schema\/logo\/image\/","url":"https:\/\/www.cloud-trim.com\/wp-content\/uploads\/2024\/09\/cloud-trim-logo.svg","contentUrl":"https:\/\/www.cloud-trim.com\/wp-content\/uploads\/2024\/09\/cloud-trim-logo.svg","width":3396,"height":750,"caption":"Cloud Trim"},"image":{"@id":"https:\/\/www.cloud-trim.com\/#\/schema\/logo\/image\/"}}]}},"_links":{"self":[{"href":"https:\/\/www.cloud-trim.com\/es\/wp-json\/wp\/v2\/pages\/1113","targetHints":{"allow":["GET"]}}],"collection":[{"href":"https:\/\/www.cloud-trim.com\/es\/wp-json\/wp\/v2\/pages"}],"about":[{"href":"https:\/\/www.cloud-trim.com\/es\/wp-json\/wp\/v2\/types\/page"}],"author":[{"embeddable":true,"href":"https:\/\/www.cloud-trim.com\/es\/wp-json\/wp\/v2\/users\/1"}],"replies":[{"embeddable":true,"href":"https:\/\/www.cloud-trim.com\/es\/wp-json\/wp\/v2\/comments?post=1113"}],"version-history":[{"count":7,"href":"https:\/\/www.cloud-trim.com\/es\/wp-json\/wp\/v2\/pages\/1113\/revisions"}],"predecessor-version":[{"id":1280,"href":"https:\/\/www.cloud-trim.com\/es\/wp-json\/wp\/v2\/pages\/1113\/revisions\/1280"}],"wp:attachment":[{"href":"https:\/\/www.cloud-trim.com\/es\/wp-json\/wp\/v2\/media?parent=1113"}],"curies":[{"name":"wp","href":"https:\/\/api.w.org\/{rel}","templated":true}]}}