{"id":1115,"date":"2024-09-20T18:43:15","date_gmt":"2024-09-20T16:43:15","guid":{"rendered":"https:\/\/www.cloud-trim.com\/about-cloud-trim\/"},"modified":"2024-11-22T10:02:02","modified_gmt":"2024-11-22T09:02:02","slug":"sobre-nosotros","status":"publish","type":"page","link":"https:\/\/www.cloud-trim.com\/es\/sobre-nosotros\/","title":{"rendered":"Sobre nosotros"},"content":{"rendered":"\t\t<div data-elementor-type=\"wp-page\" data-elementor-id=\"1115\" class=\"elementor elementor-1115 elementor-199\" data-elementor-post-type=\"page\">\n\t\t\t\t\t\t<section class=\"elementor-section elementor-top-section elementor-element elementor-element-5e9ca25 elementor-section-boxed elementor-section-height-default elementor-section-height-default\" data-id=\"5e9ca25\" data-element_type=\"section\" data-settings=\"{&quot;background_background&quot;:&quot;classic&quot;,&quot;shape_divider_bottom&quot;:&quot;mountains&quot;}\">\n\t\t\t\t\t<div class=\"elementor-shape elementor-shape-bottom\" aria-hidden=\"true\" data-negative=\"false\">\n\t\t\t<svg xmlns=\"http:\/\/www.w3.org\/2000\/svg\" viewBox=\"0 0 1000 100\" preserveAspectRatio=\"none\">\n\t<path class=\"elementor-shape-fill\" opacity=\"0.33\" d=\"M473,67.3c-203.9,88.3-263.1-34-320.3,0C66,119.1,0,59.7,0,59.7V0h1000v59.7 c0,0-62.1,26.1-94.9,29.3c-32.8,3.3-62.8-12.3-75.8-22.1C806,49.6,745.3,8.7,694.9,4.7S492.4,59,473,67.3z\"\/>\n\t<path class=\"elementor-shape-fill\" opacity=\"0.66\" d=\"M734,67.3c-45.5,0-77.2-23.2-129.1-39.1c-28.6-8.7-150.3-10.1-254,39.1 s-91.7-34.4-149.2,0C115.7,118.3,0,39.8,0,39.8V0h1000v36.5c0,0-28.2-18.5-92.1-18.5C810.2,18.1,775.7,67.3,734,67.3z\"\/>\n\t<path class=\"elementor-shape-fill\" d=\"M766.1,28.9c-200-57.5-266,65.5-395.1,19.5C242,1.8,242,5.4,184.8,20.6C128,35.8,132.3,44.9,89.9,52.5C28.6,63.7,0,0,0,0 h1000c0,0-9.9,40.9-83.6,48.1S829.6,47,766.1,28.9z\"\/>\n<\/svg>\t\t<\/div>\n\t\t\t\t\t<div class=\"elementor-container elementor-column-gap-default\">\n\t\t\t\t\t<div class=\"elementor-column elementor-col-100 elementor-top-column elementor-element elementor-element-d025102\" data-id=\"d025102\" data-element_type=\"column\">\n\t\t\t<div class=\"elementor-widget-wrap elementor-element-populated\">\n\t\t\t\t\t\t<section class=\"elementor-section elementor-inner-section elementor-element elementor-element-f4a002f elementor-section-boxed elementor-section-height-default elementor-section-height-default\" data-id=\"f4a002f\" data-element_type=\"section\">\n\t\t\t\t\t\t<div class=\"elementor-container elementor-column-gap-no\">\n\t\t\t\t\t<div class=\"elementor-column elementor-col-100 elementor-inner-column elementor-element elementor-element-441b78c\" data-id=\"441b78c\" data-element_type=\"column\">\n\t\t\t<div class=\"elementor-widget-wrap elementor-element-populated\">\n\t\t\t\t\t\t<div class=\"elementor-element elementor-element-f51c5c8 elementor-widget elementor-widget-heading\" data-id=\"f51c5c8\" data-element_type=\"widget\" data-widget_type=\"heading.default\">\n\t\t\t\t<div class=\"elementor-widget-container\">\n\t\t\t\t\t<h1 class=\"elementor-heading-title elementor-size-default\">Sobre nosotros<\/h1>\t\t\t\t<\/div>\n\t\t\t\t<\/div>\n\t\t\t\t<div class=\"elementor-element elementor-element-d855ccd elementor-widget-divider--separator-type-pattern elementor-widget-divider--view-line elementor-widget elementor-widget-divider\" data-id=\"d855ccd\" data-element_type=\"widget\" data-widget_type=\"divider.default\">\n\t\t\t\t<div class=\"elementor-widget-container\">\n\t\t\t\t\t\t\t<div class=\"elementor-divider\" style=\"--divider-pattern-url: url(&quot;data:image\/svg+xml,%3Csvg xmlns=&#039;http:\/\/www.w3.org\/2000\/svg&#039; preserveAspectRatio=&#039;none&#039; overflow=&#039;visible&#039; height=&#039;100%&#039; viewBox=&#039;0 0 24 24&#039; fill=&#039;none&#039; stroke=&#039;black&#039; stroke-width=&#039;10&#039; stroke-linecap=&#039;square&#039; stroke-miterlimit=&#039;10&#039;%3E%3Cpolyline points=&#039;0,18 12,6 24,18 &#039;\/%3E%3C\/svg%3E&quot;);\">\n\t\t\t<span class=\"elementor-divider-separator\">\n\t\t\t\t\t\t<\/span>\n\t\t<\/div>\n\t\t\t\t\t\t<\/div>\n\t\t\t\t<\/div>\n\t\t\t\t\t<\/div>\n\t\t<\/div>\n\t\t\t\t\t<\/div>\n\t\t<\/section>\n\t\t\t\t\t<\/div>\n\t\t<\/div>\n\t\t\t\t\t<\/div>\n\t\t<\/section>\n\t\t\t\t<section class=\"elementor-section elementor-top-section elementor-element elementor-element-4e6f68c9 elementor-section-boxed elementor-section-height-default elementor-section-height-default\" data-id=\"4e6f68c9\" data-element_type=\"section\">\n\t\t\t\t\t\t<div class=\"elementor-container elementor-column-gap-default\">\n\t\t\t\t\t<div class=\"elementor-column elementor-col-100 elementor-top-column elementor-element elementor-element-263fb956\" data-id=\"263fb956\" data-element_type=\"column\">\n\t\t\t<div class=\"elementor-widget-wrap elementor-element-populated\">\n\t\t\t\t\t\t<div class=\"elementor-element elementor-element-e1b158 elementor-widget elementor-widget-spacer\" data-id=\"e1b158\" data-element_type=\"widget\" data-widget_type=\"spacer.default\">\n\t\t\t\t<div class=\"elementor-widget-container\">\n\t\t\t\t\t\t\t<div class=\"elementor-spacer\">\n\t\t\t<div class=\"elementor-spacer-inner\"><\/div>\n\t\t<\/div>\n\t\t\t\t\t\t<\/div>\n\t\t\t\t<\/div>\n\t\t\t\t\t<\/div>\n\t\t<\/div>\n\t\t\t\t\t<\/div>\n\t\t<\/section>\n\t\t\t\t<section class=\"elementor-section elementor-top-section elementor-element elementor-element-4e3340d3 elementor-section-boxed elementor-section-height-default elementor-section-height-default\" data-id=\"4e3340d3\" data-element_type=\"section\">\n\t\t\t\t\t\t<div class=\"elementor-container elementor-column-gap-default\">\n\t\t\t\t\t<div class=\"elementor-column elementor-col-50 elementor-top-column elementor-element elementor-element-2293cf74\" data-id=\"2293cf74\" data-element_type=\"column\">\n\t\t\t<div class=\"elementor-widget-wrap elementor-element-populated\">\n\t\t\t\t\t\t<div class=\"elementor-element elementor-element-432dda8e elementor-widget elementor-widget-image\" data-id=\"432dda8e\" data-element_type=\"widget\" data-widget_type=\"image.default\">\n\t\t\t\t<div class=\"elementor-widget-container\">\n\t\t\t\t\t\t\t\t\t\t\t\t\t\t\t<img fetchpriority=\"high\" decoding=\"async\" width=\"800\" height=\"532\" src=\"https:\/\/www.cloud-trim.com\/wp-content\/uploads\/2024\/10\/Inspiring-barcelona-unimedia-technology-1024x681.webp\" class=\"attachment-large size-large wp-image-1091\" alt=\"\" srcset=\"https:\/\/www.cloud-trim.com\/wp-content\/uploads\/2024\/10\/Inspiring-barcelona-unimedia-technology-1024x681.webp 1024w, https:\/\/www.cloud-trim.com\/wp-content\/uploads\/2024\/10\/Inspiring-barcelona-unimedia-technology-300x200.webp 300w, https:\/\/www.cloud-trim.com\/wp-content\/uploads\/2024\/10\/Inspiring-barcelona-unimedia-technology-768x511.webp 768w, https:\/\/www.cloud-trim.com\/wp-content\/uploads\/2024\/10\/Inspiring-barcelona-unimedia-technology-1536x1022.webp 1536w, https:\/\/www.cloud-trim.com\/wp-content\/uploads\/2024\/10\/Inspiring-barcelona-unimedia-technology.webp 1900w\" sizes=\"(max-width: 800px) 100vw, 800px\" \/>\t\t\t\t\t\t\t\t\t\t\t\t\t\t\t<\/div>\n\t\t\t\t<\/div>\n\t\t\t\t\t<\/div>\n\t\t<\/div>\n\t\t\t\t<div class=\"elementor-column elementor-col-50 elementor-top-column elementor-element elementor-element-5f22b246\" data-id=\"5f22b246\" data-element_type=\"column\">\n\t\t\t<div class=\"elementor-widget-wrap elementor-element-populated\">\n\t\t\t\t\t\t<div class=\"elementor-element elementor-element-272cfdca elementor-widget elementor-widget-heading\" data-id=\"272cfdca\" data-element_type=\"widget\" data-widget_type=\"heading.default\">\n\t\t\t\t<div class=\"elementor-widget-container\">\n\t\t\t\t\t<h2 class=\"elementor-heading-title elementor-size-default\">Cloud-Trim: una iniciativa de Unimedia Technology<\/h2>\t\t\t\t<\/div>\n\t\t\t\t<\/div>\n\t\t\t\t<div class=\"elementor-element elementor-element-1df81e96 elementor-widget elementor-widget-spacer\" data-id=\"1df81e96\" data-element_type=\"widget\" data-widget_type=\"spacer.default\">\n\t\t\t\t<div class=\"elementor-widget-container\">\n\t\t\t\t\t\t\t<div class=\"elementor-spacer\">\n\t\t\t<div class=\"elementor-spacer-inner\"><\/div>\n\t\t<\/div>\n\t\t\t\t\t\t<\/div>\n\t\t\t\t<\/div>\n\t\t\t\t<div class=\"elementor-element elementor-element-26ad305 elementor-widget elementor-widget-text-editor\" data-id=\"26ad305\" data-element_type=\"widget\" data-widget_type=\"text-editor.default\">\n\t\t\t\t<div class=\"elementor-widget-container\">\n\t\t\t\t\t\t\t\t\t<p><strong>En Unimedia, nos apasiona ayudar a las empresas a maximizar sus inversiones en la nube.<\/strong><\/p><p>Cloud-Trim es la \u00faltima iniciativa de <a href=\"https:\/\/www.unimedia.tech\/es\/\">Unimedia Technology<\/a> para ayudar a las empresas a optimizar sus entornos en AWS y reducir los costes en la nube. Nuestro objetivo es ofrecer un valor inmediato con una herramienta gratuita. Adem\u00e1s, cuando tu empresa est\u00e9 lista para una optimizaci\u00f3n avanzada, el conjunto completo de servicios en la nube de Unimedia te ayudar\u00e1 a alcanzar tus objetivos. Esto es m\u00e1s que una simple herramienta\u2014es la puerta de entrada a ahorros y optimizaciones continuas.<\/p>\t\t\t\t\t\t\t\t<\/div>\n\t\t\t\t<\/div>\n\t\t\t\t<div class=\"elementor-element elementor-element-79132dd4 elementor-widget elementor-widget-spacer\" data-id=\"79132dd4\" data-element_type=\"widget\" data-widget_type=\"spacer.default\">\n\t\t\t\t<div class=\"elementor-widget-container\">\n\t\t\t\t\t\t\t<div class=\"elementor-spacer\">\n\t\t\t<div class=\"elementor-spacer-inner\"><\/div>\n\t\t<\/div>\n\t\t\t\t\t\t<\/div>\n\t\t\t\t<\/div>\n\t\t\t\t<div class=\"elementor-element elementor-element-63ad9804 elementor-widget elementor-widget-spacer\" data-id=\"63ad9804\" data-element_type=\"widget\" data-widget_type=\"spacer.default\">\n\t\t\t\t<div class=\"elementor-widget-container\">\n\t\t\t\t\t\t\t<div class=\"elementor-spacer\">\n\t\t\t<div class=\"elementor-spacer-inner\"><\/div>\n\t\t<\/div>\n\t\t\t\t\t\t<\/div>\n\t\t\t\t<\/div>\n\t\t\t\t\t<\/div>\n\t\t<\/div>\n\t\t\t\t\t<\/div>\n\t\t<\/section>\n\t\t\t\t<section class=\"elementor-section elementor-top-section elementor-element elementor-element-3fa613d7 elementor-section-boxed elementor-section-height-default elementor-section-height-default\" data-id=\"3fa613d7\" data-element_type=\"section\">\n\t\t\t\t\t\t<div class=\"elementor-container elementor-column-gap-default\">\n\t\t\t\t\t<div class=\"elementor-column elementor-col-100 elementor-top-column elementor-element elementor-element-61f3bdd1\" data-id=\"61f3bdd1\" data-element_type=\"column\">\n\t\t\t<div class=\"elementor-widget-wrap elementor-element-populated\">\n\t\t\t\t\t\t<div class=\"elementor-element elementor-element-6ac0495b elementor-widget elementor-widget-spacer\" data-id=\"6ac0495b\" data-element_type=\"widget\" data-widget_type=\"spacer.default\">\n\t\t\t\t<div class=\"elementor-widget-container\">\n\t\t\t\t\t\t\t<div class=\"elementor-spacer\">\n\t\t\t<div class=\"elementor-spacer-inner\"><\/div>\n\t\t<\/div>\n\t\t\t\t\t\t<\/div>\n\t\t\t\t<\/div>\n\t\t\t\t\t<\/div>\n\t\t<\/div>\n\t\t\t\t\t<\/div>\n\t\t<\/section>\n\t\t\t\t<section class=\"elementor-section elementor-top-section elementor-element elementor-element-2e680523 elementor-section-boxed elementor-section-height-default elementor-section-height-default\" data-id=\"2e680523\" data-element_type=\"section\">\n\t\t\t\t\t\t<div class=\"elementor-container elementor-column-gap-default\">\n\t\t\t\t\t<div class=\"elementor-column elementor-col-100 elementor-top-column elementor-element elementor-element-52942911\" data-id=\"52942911\" data-element_type=\"column\">\n\t\t\t<div class=\"elementor-widget-wrap elementor-element-populated\">\n\t\t\t\t\t\t<div class=\"elementor-element elementor-element-4be55085 elementor-align-center elementor-widget elementor-widget-button\" data-id=\"4be55085\" data-element_type=\"widget\" data-widget_type=\"button.default\">\n\t\t\t\t<div class=\"elementor-widget-container\">\n\t\t\t\t\t\t\t\t\t<div class=\"elementor-button-wrapper\">\n\t\t\t\t\t<a class=\"elementor-button elementor-button-link elementor-size-sm\" href=\"https:\/\/www.cloud-trim.com\/es\/contacto\/\">\n\t\t\t\t\t\t<span class=\"elementor-button-content-wrapper\">\n\t\t\t\t\t\t\t\t\t<span class=\"elementor-button-text\">Cont\u00e1ctanos<\/span>\n\t\t\t\t\t<\/span>\n\t\t\t\t\t<\/a>\n\t\t\t\t<\/div>\n\t\t\t\t\t\t\t\t<\/div>\n\t\t\t\t<\/div>\n\t\t\t\t\t<\/div>\n\t\t<\/div>\n\t\t\t\t\t<\/div>\n\t\t<\/section>\n\t\t\t\t<\/div>\n\t\t","protected":false},"excerpt":{"rendered":"<p>Cloud-Trim: una iniciativa de Unimedia Technology En Unimedia, nos apasiona ayudar a las empresas a maximizar sus inversiones en la nube. Cloud-Trim es la \u00faltima iniciativa de Unimedia Technology para ayudar a las empresas a optimizar sus entornos en AWS y reducir los costes en la nube. Nuestro objetivo es ofrecer un valor inmediato con [&hellip;]<\/p>\n","protected":false},"author":1,"featured_media":0,"parent":0,"menu_order":0,"comment_status":"closed","ping_status":"closed","template":"elementor_header_footer","meta":{"footnotes":""},"class_list":["post-1115","page","type-page","status-publish","hentry"],"yoast_head":"<!-- This site is optimized with the Yoast SEO plugin v26.2 - https:\/\/yoast.com\/wordpress\/plugins\/seo\/ -->\n<title>Acerca de Cloud-Trim | Impulsado por Unimedia Technology<\/title>\n<meta name=\"description\" content=\"Conoce m\u00e1s sobre Cloud-Trim y Unimedia Technology, dedicados a ayudar a las empresas a reducir los costes de AWS y maximizar el rendimiento de la nube con nuestra herramienta gratuita de optimizaci\u00f3n.\" \/>\n<meta name=\"robots\" content=\"index, follow, max-snippet:-1, max-image-preview:large, max-video-preview:-1\" \/>\n<link rel=\"canonical\" href=\"https:\/\/www.cloud-trim.com\/about-cloud-trim\/\" \/>\n<meta property=\"og:locale\" content=\"es_ES\" \/>\n<meta property=\"og:type\" content=\"article\" \/>\n<meta property=\"og:title\" content=\"Acerca de Cloud-Trim | Impulsado por Unimedia Technology\" \/>\n<meta property=\"og:description\" content=\"Conoce m\u00e1s sobre Cloud-Trim y Unimedia Technology, dedicados a ayudar a las empresas a reducir los costes de AWS y maximizar el rendimiento de la nube con nuestra herramienta gratuita de optimizaci\u00f3n.\" \/>\n<meta property=\"og:url\" content=\"https:\/\/www.cloud-trim.com\/about-cloud-trim\/\" \/>\n<meta property=\"og:site_name\" content=\"Cloud Trim\" \/>\n<meta property=\"article:modified_time\" content=\"2024-11-22T09:02:02+00:00\" \/>\n<meta property=\"og:image\" content=\"https:\/\/www.cloud-trim.com\/wp-content\/uploads\/2024\/10\/Inspiring-barcelona-unimedia-technology.webp\" \/>\n\t<meta property=\"og:image:width\" content=\"1900\" \/>\n\t<meta property=\"og:image:height\" content=\"1264\" \/>\n\t<meta property=\"og:image:type\" content=\"image\/webp\" \/>\n<meta name=\"twitter:card\" content=\"summary_large_image\" \/>\n<meta name=\"twitter:label1\" content=\"Tiempo de lectura\" \/>\n\t<meta name=\"twitter:data1\" content=\"1 minuto\" \/>\n<script type=\"application\/ld+json\" class=\"yoast-schema-graph\">{\"@context\":\"https:\/\/schema.org\",\"@graph\":[{\"@type\":\"WebPage\",\"@id\":\"https:\/\/www.cloud-trim.com\/about-cloud-trim\/\",\"url\":\"https:\/\/www.cloud-trim.com\/about-cloud-trim\/\",\"name\":\"Acerca de Cloud-Trim | Impulsado por Unimedia Technology\",\"isPartOf\":{\"@id\":\"https:\/\/www.cloud-trim.com\/#website\"},\"primaryImageOfPage\":{\"@id\":\"https:\/\/www.cloud-trim.com\/about-cloud-trim\/#primaryimage\"},\"image\":{\"@id\":\"https:\/\/www.cloud-trim.com\/about-cloud-trim\/#primaryimage\"},\"thumbnailUrl\":\"https:\/\/www.cloud-trim.com\/wp-content\/uploads\/2024\/10\/Inspiring-barcelona-unimedia-technology-1024x681.webp\",\"datePublished\":\"2024-09-20T16:43:15+00:00\",\"dateModified\":\"2024-11-22T09:02:02+00:00\",\"description\":\"Conoce m\u00e1s sobre Cloud-Trim y Unimedia Technology, dedicados a ayudar a las empresas a reducir los costes de AWS y maximizar el rendimiento de la nube con nuestra herramienta gratuita de optimizaci\u00f3n.\",\"breadcrumb\":{\"@id\":\"https:\/\/www.cloud-trim.com\/about-cloud-trim\/#breadcrumb\"},\"inLanguage\":\"es\",\"potentialAction\":[{\"@type\":\"ReadAction\",\"target\":[\"https:\/\/www.cloud-trim.com\/about-cloud-trim\/\"]}]},{\"@type\":\"ImageObject\",\"inLanguage\":\"es\",\"@id\":\"https:\/\/www.cloud-trim.com\/about-cloud-trim\/#primaryimage\",\"url\":\"https:\/\/www.cloud-trim.com\/wp-content\/uploads\/2024\/10\/Inspiring-barcelona-unimedia-technology-1024x681.webp\",\"contentUrl\":\"https:\/\/www.cloud-trim.com\/wp-content\/uploads\/2024\/10\/Inspiring-barcelona-unimedia-technology-1024x681.webp\"},{\"@type\":\"BreadcrumbList\",\"@id\":\"https:\/\/www.cloud-trim.com\/about-cloud-trim\/#breadcrumb\",\"itemListElement\":[{\"@type\":\"ListItem\",\"position\":1,\"name\":\"Portada\",\"item\":\"https:\/\/www.cloud-trim.com\/\"},{\"@type\":\"ListItem\",\"position\":2,\"name\":\"Sobre nosotros\"}]},{\"@type\":\"WebSite\",\"@id\":\"https:\/\/www.cloud-trim.com\/#website\",\"url\":\"https:\/\/www.cloud-trim.com\/\",\"name\":\"Cloud Trim\",\"description\":\"Herramienta gratuita de optimizaci\u00f3n de AWS Cloud de Unimedia Technology\",\"publisher\":{\"@id\":\"https:\/\/www.cloud-trim.com\/#organization\"},\"potentialAction\":[{\"@type\":\"SearchAction\",\"target\":{\"@type\":\"EntryPoint\",\"urlTemplate\":\"https:\/\/www.cloud-trim.com\/?s={search_term_string}\"},\"query-input\":{\"@type\":\"PropertyValueSpecification\",\"valueRequired\":true,\"valueName\":\"search_term_string\"}}],\"inLanguage\":\"es\"},{\"@type\":\"Organization\",\"@id\":\"https:\/\/www.cloud-trim.com\/#organization\",\"name\":\"Cloud Trim\",\"url\":\"https:\/\/www.cloud-trim.com\/\",\"logo\":{\"@type\":\"ImageObject\",\"inLanguage\":\"es\",\"@id\":\"https:\/\/www.cloud-trim.com\/#\/schema\/logo\/image\/\",\"url\":\"https:\/\/www.cloud-trim.com\/wp-content\/uploads\/2024\/09\/cloud-trim-logo.svg\",\"contentUrl\":\"https:\/\/www.cloud-trim.com\/wp-content\/uploads\/2024\/09\/cloud-trim-logo.svg\",\"width\":3396,\"height\":750,\"caption\":\"Cloud Trim\"},\"image\":{\"@id\":\"https:\/\/www.cloud-trim.com\/#\/schema\/logo\/image\/\"}}]}<\/script>\n<!-- \/ Yoast SEO plugin. -->","yoast_head_json":{"title":"Acerca de Cloud-Trim | Impulsado por Unimedia Technology","description":"Conoce m\u00e1s sobre Cloud-Trim y Unimedia Technology, dedicados a ayudar a las empresas a reducir los costes de AWS y maximizar el rendimiento de la nube con nuestra herramienta gratuita de optimizaci\u00f3n.","robots":{"index":"index","follow":"follow","max-snippet":"max-snippet:-1","max-image-preview":"max-image-preview:large","max-video-preview":"max-video-preview:-1"},"canonical":"https:\/\/www.cloud-trim.com\/about-cloud-trim\/","og_locale":"es_ES","og_type":"article","og_title":"Acerca de Cloud-Trim | Impulsado por Unimedia Technology","og_description":"Conoce m\u00e1s sobre Cloud-Trim y Unimedia Technology, dedicados a ayudar a las empresas a reducir los costes de AWS y maximizar el rendimiento de la nube con nuestra herramienta gratuita de optimizaci\u00f3n.","og_url":"https:\/\/www.cloud-trim.com\/about-cloud-trim\/","og_site_name":"Cloud Trim","article_modified_time":"2024-11-22T09:02:02+00:00","og_image":[{"width":1900,"height":1264,"url":"https:\/\/www.cloud-trim.com\/wp-content\/uploads\/2024\/10\/Inspiring-barcelona-unimedia-technology.webp","type":"image\/webp"}],"twitter_card":"summary_large_image","twitter_misc":{"Tiempo de lectura":"1 minuto"},"schema":{"@context":"https:\/\/schema.org","@graph":[{"@type":"WebPage","@id":"https:\/\/www.cloud-trim.com\/about-cloud-trim\/","url":"https:\/\/www.cloud-trim.com\/about-cloud-trim\/","name":"Acerca de Cloud-Trim | Impulsado por Unimedia Technology","isPartOf":{"@id":"https:\/\/www.cloud-trim.com\/#website"},"primaryImageOfPage":{"@id":"https:\/\/www.cloud-trim.com\/about-cloud-trim\/#primaryimage"},"image":{"@id":"https:\/\/www.cloud-trim.com\/about-cloud-trim\/#primaryimage"},"thumbnailUrl":"https:\/\/www.cloud-trim.com\/wp-content\/uploads\/2024\/10\/Inspiring-barcelona-unimedia-technology-1024x681.webp","datePublished":"2024-09-20T16:43:15+00:00","dateModified":"2024-11-22T09:02:02+00:00","description":"Conoce m\u00e1s sobre Cloud-Trim y Unimedia Technology, dedicados a ayudar a las empresas a reducir los costes de AWS y maximizar el rendimiento de la nube con nuestra herramienta gratuita de optimizaci\u00f3n.","breadcrumb":{"@id":"https:\/\/www.cloud-trim.com\/about-cloud-trim\/#breadcrumb"},"inLanguage":"es","potentialAction":[{"@type":"ReadAction","target":["https:\/\/www.cloud-trim.com\/about-cloud-trim\/"]}]},{"@type":"ImageObject","inLanguage":"es","@id":"https:\/\/www.cloud-trim.com\/about-cloud-trim\/#primaryimage","url":"https:\/\/www.cloud-trim.com\/wp-content\/uploads\/2024\/10\/Inspiring-barcelona-unimedia-technology-1024x681.webp","contentUrl":"https:\/\/www.cloud-trim.com\/wp-content\/uploads\/2024\/10\/Inspiring-barcelona-unimedia-technology-1024x681.webp"},{"@type":"BreadcrumbList","@id":"https:\/\/www.cloud-trim.com\/about-cloud-trim\/#breadcrumb","itemListElement":[{"@type":"ListItem","position":1,"name":"Portada","item":"https:\/\/www.cloud-trim.com\/"},{"@type":"ListItem","position":2,"name":"Sobre nosotros"}]},{"@type":"WebSite","@id":"https:\/\/www.cloud-trim.com\/#website","url":"https:\/\/www.cloud-trim.com\/","name":"Cloud Trim","description":"Herramienta gratuita de optimizaci\u00f3n de AWS Cloud de Unimedia Technology","publisher":{"@id":"https:\/\/www.cloud-trim.com\/#organization"},"potentialAction":[{"@type":"SearchAction","target":{"@type":"EntryPoint","urlTemplate":"https:\/\/www.cloud-trim.com\/?s={search_term_string}"},"query-input":{"@type":"PropertyValueSpecification","valueRequired":true,"valueName":"search_term_string"}}],"inLanguage":"es"},{"@type":"Organization","@id":"https:\/\/www.cloud-trim.com\/#organization","name":"Cloud Trim","url":"https:\/\/www.cloud-trim.com\/","logo":{"@type":"ImageObject","inLanguage":"es","@id":"https:\/\/www.cloud-trim.com\/#\/schema\/logo\/image\/","url":"https:\/\/www.cloud-trim.com\/wp-content\/uploads\/2024\/09\/cloud-trim-logo.svg","contentUrl":"https:\/\/www.cloud-trim.com\/wp-content\/uploads\/2024\/09\/cloud-trim-logo.svg","width":3396,"height":750,"caption":"Cloud Trim"},"image":{"@id":"https:\/\/www.cloud-trim.com\/#\/schema\/logo\/image\/"}}]}},"_links":{"self":[{"href":"https:\/\/www.cloud-trim.com\/es\/wp-json\/wp\/v2\/pages\/1115","targetHints":{"allow":["GET"]}}],"collection":[{"href":"https:\/\/www.cloud-trim.com\/es\/wp-json\/wp\/v2\/pages"}],"about":[{"href":"https:\/\/www.cloud-trim.com\/es\/wp-json\/wp\/v2\/types\/page"}],"author":[{"embeddable":true,"href":"https:\/\/www.cloud-trim.com\/es\/wp-json\/wp\/v2\/users\/1"}],"replies":[{"embeddable":true,"href":"https:\/\/www.cloud-trim.com\/es\/wp-json\/wp\/v2\/comments?post=1115"}],"version-history":[{"count":14,"href":"https:\/\/www.cloud-trim.com\/es\/wp-json\/wp\/v2\/pages\/1115\/revisions"}],"predecessor-version":[{"id":1696,"href":"https:\/\/www.cloud-trim.com\/es\/wp-json\/wp\/v2\/pages\/1115\/revisions\/1696"}],"wp:attachment":[{"href":"https:\/\/www.cloud-trim.com\/es\/wp-json\/wp\/v2\/media?parent=1115"}],"curies":[{"name":"wp","href":"https:\/\/api.w.org\/{rel}","templated":true}]}}